{"id":7149,"date":"2023-11-06T17:21:21","date_gmt":"2023-11-06T16:21:21","guid":{"rendered":"https:\/\/www.multicam-systems.com\/gcu\/"},"modified":"2024-06-13T17:12:34","modified_gmt":"2024-06-13T15:12:34","slug":"cgu","status":"publish","type":"page","link":"https:\/\/www.multicam-systems.com\/fr\/cgu\/","title":{"rendered":"CGU"},"content":{"rendered":"\t\t<div data-elementor-type=\"wp-page\" data-elementor-id=\"7149\" class=\"elementor elementor-7149 elementor-7144\" data-elementor-post-type=\"page\">\n\t\t\t\t<div class=\"has_eae_slider elementor-element elementor-element-7271dff e-flex e-con-boxed e-con e-parent\" data-eae-slider=\"71946\" data-id=\"7271dff\" data-element_type=\"container\" data-e-type=\"container\">\n\t\t\t\t\t<div class=\"e-con-inner\">\n\t\t\t\t<div class=\"elementor-element elementor-element-334dffa elementor-widget elementor-widget-text-editor\" data-id=\"334dffa\" data-element_type=\"widget\" data-e-type=\"widget\" data-widget_type=\"text-editor.default\">\n\t\t\t\t<div class=\"elementor-widget-container\">\n\t\t\t\t\t\t\t\t\t<div class=\" vc_custom_1606820723003\">\n<div id=\"text-block-9\" class=\"mk-text-block jupiter-donut- \">\n<p>Les pr\u00e9sentes conditions g\u00e9n\u00e9rales d&rsquo;utilisation (ci-apr\u00e8s d\u00e9nomm\u00e9es \u00ab\u00a0<b>CGU<\/b>\u00ab\u00a0) ont pour objet de d\u00e9terminer les r\u00e8gles d&rsquo;utilisation de l&rsquo;application bureautique \u00ab\u00a0Multicam systems\u00a0\u00bb (ci-apr\u00e8s d\u00e9nomm\u00e9e \u00ab\u00a0A<b>pplication<\/b>\u00ab\u00a0) \u00e9dit\u00e9e par Multicam Systems (ci-apr\u00e8s d\u00e9nomm\u00e9e \u00ab\u00a0Multicam Systems\u00a0\u00bb).<br \/>En installant l&rsquo;Application Multicam Systems, en tant qu&rsquo;utilisateur, vous acceptez sans condition ni r\u00e9serve l&rsquo;ensemble des conditions g\u00e9n\u00e9rales d&rsquo;utilisation d\u00e9finies ci-apr\u00e8s. Si vous ne souhaitez pas accepter ces CGU, vous ne pourrez pas acc\u00e9der \u00e0 l&rsquo;Application. <br \/>Toute utilisation de l&rsquo;application doit \u00eatre conforme aux pr\u00e9sentes CGU.<\/p>\n<div class=\"clearboth\"> <\/div>\n<\/div>\n<\/div>\n<h3>Article 1. D\u00c9FINITIONS <\/h3>\n<div class=\"clearboth\"> <\/div>\n<div id=\"padding-11\" class=\"mk-padding-divider jupiter-donut- jupiter-donut-clearfix\"> <\/div>\n<div class=\" vc_custom_1606820751401\">\n<div id=\"text-block-12\" class=\"mk-text-block jupiter-donut- \">\n<p>Les termes commen\u00e7ant par une majuscule dans les pr\u00e9sentes CGU, qu&rsquo;ils soient utilis\u00e9s au singulier ou au pluriel, ont la signification suivante :<br \/>Le terme \u00ab\u00a0<b>application\u00a0\u00bb<\/b> d\u00e9signe l&rsquo;application logicielle \u00ab\u00a0Multicam Systems\u00a0\u00bb publi\u00e9e et fournie par Multicam Systems. L&rsquo;application est disponible sous la forme d&rsquo;une licence payante permettant d&rsquo;acc\u00e9der \u00e0 diff\u00e9rents modules pour produire du contenu vid\u00e9o de mani\u00e8re simple gr\u00e2ce \u00e0 des interfaces intuitives. <br \/>Les \u00a0\u00bb <b>CGV<\/b> \u00a0\u00bb d\u00e9signent les conditions g\u00e9n\u00e9rales de vente de Multicam Systems et les conditions particuli\u00e8res de vente applicables aux produits et Services qu&rsquo;elle commercialise, qui figurent sur le Site Internet et s&rsquo;appliquent de la m\u00eame mani\u00e8re au Site Internet et \u00e0 l&rsquo;Application.<br \/>Les \u00ab\u00a0<b>services<\/b>\u00a0\u00bb d\u00e9signent les diff\u00e9rentes fonctionnalit\u00e9s et services offerts par l&rsquo;application.<br \/>Le \u00ab\u00a0<b>site web<\/b>\u00a0\u00bb fait r\u00e9f\u00e9rence au site web officiel de Multicam Systems dont l&rsquo;adresse est la suivante <a href=\"https:\/\/web.archive.org\/web\/20210126033229\/http:\/\/multicam-systems.com\/\">multicam-systems.com<\/a><br \/>\u00ab\u00a0<b>Utilisateur<\/b>\u00a0\u00bb ou \u00ab\u00a0<b>Vous<\/b>\u00a0\u00bb d\u00e9signe une personne physique majeure ou une personne physique mineure ayant pr\u00e9alablement obtenu l&rsquo;autorisation de ses parents ou de la personne investie de l&rsquo;autorit\u00e9 parentale.<\/p>\n<div class=\"clearboth\"> <\/div>\n<\/div>\n<p><b><\/b><\/div>\n<h3>Article 2. OBJET DE LA DEMANDE <\/h3>\n<div class=\"clearboth\"> <\/div>\n<div id=\"padding-14\" class=\"mk-padding-divider jupiter-donut- jupiter-donut-clearfix\"> <\/div>\n<div class=\" vc_custom_1606821931805\">\n<div id=\"text-block-15\" class=\"mk-text-block jupiter-donut- \">\n<p>L&rsquo;objectif de l&rsquo;application est de vous permettre de produire du contenu vid\u00e9o sous licence payante afin d&rsquo;acc\u00e9der \u00e0 diff\u00e9rents modules :<\/p>\n<ul>\n<li><b>TRACKING<\/b><\/li>\n<li><b>E-LEARNING<\/b><\/li>\n<li><b>STUDIO<\/b><\/li>\n<li><b>CONF<\/b><\/li>\n<li><b>RADIO<\/b><\/li>\n<li><b>IN SITU<\/b><\/li>\n<\/ul>\n<p>Cette liste n&rsquo;est pas exhaustive et peut \u00eatre modifi\u00e9e \u00e0 tout moment par Multicam Systems.<\/p>\n<div class=\"clearboth\"> <\/div>\n<\/div>\n<\/div>\n<h3>Article 3. ACC\u00c8S \u00c0 L&rsquo;APPLICATION ET CONDITIONS FINANCI\u00c8RES <\/h3>\n<div class=\"clearboth\"> <\/div>\n<div id=\"padding-17\" class=\"mk-padding-divider jupiter-donut- jupiter-donut-clearfix\"> <\/div>\n<div class=\" vc_custom_1606821943749\">\n<div id=\"text-block-18\" class=\"mk-text-block jupiter-donut- \">\n<p>L&rsquo;application est propri\u00e9taire (payante).<\/p>\n<div class=\"clearboth\"> <\/div>\n<\/div>\n<\/div>\n<h3>Article 4. APPLICATION DE L&rsquo;UGC ET DU TCSG <\/h3>\n<div class=\"clearboth\"> <\/div>\n<div id=\"padding-20\" class=\"mk-padding-divider jupiter-donut- jupiter-donut-clearfix\"> <\/div>\n<div class=\" vc_custom_1606821953715\">\n<div id=\"text-block-21\" class=\"mk-text-block jupiter-donut- \">\n<p>The GCU and GTS apply to all users of the application and services.<br \/>En achetant la licence Multicam Systems, vous acceptez les conditions g\u00e9n\u00e9rales de vente.<br \/>L&rsquo;Utilisateur est invit\u00e9 \u00e0 lire attentivement et \u00e0 chaque visite les CGU, qui sont accessibles par lien hypertexte sur la page d&rsquo;accueil de l&rsquo;Application et qui peuvent \u00eatre modifi\u00e9es \u00e0 tout moment et sans pr\u00e9avis par Multicam Systems.<br \/>L&rsquo;application peut \u00eatre mise \u00e0 jour r\u00e9guli\u00e8rement.<\/p>\n<div class=\"clearboth\"> <\/div>\n<\/div>\n<\/div>\n<h3>Article 5. PROPRI\u00c9T\u00c9 INTELLECTUELLE DU SITE WEB ET DE L&rsquo;APPLICATION <\/h3>\n<div class=\"clearboth\"> <\/div>\n<div id=\"padding-23\" class=\"mk-padding-divider jupiter-donut- jupiter-donut-clearfix\"> <\/div>\n<div class=\" vc_custom_1606821967166\">\n<div id=\"text-block-24\" class=\"mk-text-block jupiter-donut- \">\n<p>Multicam Systems est le propri\u00e9taire exclusif de tous les droits de propri\u00e9t\u00e9 intellectuelle relatifs \u00e0 l&rsquo;application et \u00e0 son contenu.<br \/>Sans pr\u00e9judice des dispositions de l&rsquo;article 7, aucune des dispositions des CGU ne peut \u00eatre interpr\u00e9t\u00e9e comme une cession, un transfert, une vente, une franchise, une licence, un pr\u00eat, un bail ou une autorisation d&rsquo;exploitation accord\u00e9e directement ou indirectement par Multicam Systems au profit de l&rsquo;Utilisateur de l&rsquo;Application.<br \/>Par ailleurs, le Site, l&rsquo;Application, tout logiciel utilis\u00e9 sur le Site ou l&rsquo;Application et les donn\u00e9es constituant le Site, l&rsquo;Application et leur contenu quelle qu&rsquo;en soit la nature (textes, photographies, images, sons, vid\u00e9os, \u00e9l\u00e9ments graphiques, etc.) (ci-apr\u00e8s les \u00a0\u00bb Propri\u00e9t\u00e9s \u00ab\u00a0) peuvent \u00eatre prot\u00e9g\u00e9s au titre du droit de la propri\u00e9t\u00e9 intellectuelle et appartiennent \u00e0 Multicam Systems et\/ou \u00e0 des tiers. L&rsquo;Utilisateur s&rsquo;interdit donc de copier, modifier ou int\u00e9grer les Propri\u00e9t\u00e9s sur quelque support que ce soit, de faire de l&rsquo;ing\u00e9nierie inverse ou d&rsquo;utiliser toute autre m\u00e9thode pour tenter d&rsquo;acc\u00e9der aux codes sources et\/ou aux protocoles des Propri\u00e9t\u00e9s. <br \/>L&rsquo;Utilisateur s&rsquo;interdit \u00e9galement de vendre, c\u00e9der, licencier, sous-licencier, transf\u00e9rer, garantir ou transmettre les Propri\u00e9t\u00e9s de quelque mani\u00e8re que ce soit. Il est rappel\u00e9 que tous les signes distinctifs et notamment les marques et logos sont et restent la propri\u00e9t\u00e9 de Multicam Systems ou des titulaires des droits de propri\u00e9t\u00e9 intellectuelle concern\u00e9s. Reconnaissant ces droits exclusifs sur ces signes, l&rsquo;Utilisateur s&rsquo;engage \u00e0 ne pas en faire un usage autre que celui li\u00e9 \u00e0 l&rsquo;utilisation du Site et de l&rsquo;Application et \u00e0 ne pas porter atteinte aux droits de propri\u00e9t\u00e9 intellectuelle de Multicam Systems ou \u00e0 ceux des titulaires des droits concern\u00e9s. Traduit avec www.DeepL.com\/Translator (version gratuite)  <\/p>\n<div class=\"clearboth\"> <\/div>\n<\/div>\n<\/div>\n<h3>Article 6. ACCORD DE LICENCE D&rsquo;APPLICATION <\/h3>\n<div class=\"clearboth\"> <\/div>\n<div id=\"padding-26\" class=\"mk-padding-divider jupiter-donut- jupiter-donut-clearfix\"> <\/div>\n<div class=\" vc_custom_1606821977844\">\n<div id=\"text-block-27\" class=\"mk-text-block jupiter-donut- \">\n<p>Multicam Systems accorde \u00e0 l&rsquo;Utilisateur un droit personnel d&rsquo;utilisation de l&rsquo;Application, de son contenu et des Services, non exclusif, r\u00e9vocable, incessible, non transf\u00e9rable, mondial et gratuit uniquement pour son propre usage dans le cadre de l&rsquo;utilisation de l&rsquo;Application et des Services, \u00e0 l&rsquo;exclusion de toute autre finalit\u00e9.<br \/>Il est strictement interdit \u00e0 l&rsquo;Utilisateur d&rsquo;acc\u00e9der et\/ou d&rsquo;utiliser les codes sources de l&rsquo;Application et\/ou les composants logiciels de l&rsquo;Application.<br \/>L&rsquo;Utilisateur n&rsquo;acquiert aucun droit de propri\u00e9t\u00e9 intellectuelle sur l&rsquo;Application, le contenu et\/ou les Services ni aucun autre droit que ceux conc\u00e9d\u00e9s par les pr\u00e9sentes et s&rsquo;interdit en cons\u00e9quence de copier, modifier ou int\u00e9grer les droits de propri\u00e9t\u00e9 intellectuelle sur l&rsquo;Application sur quelque support que ce soit, et de faire de l&rsquo;ing\u00e9nierie inverse ou d&rsquo;utiliser toute autre m\u00e9thode pour tenter d&rsquo;acc\u00e9der aux codes sources et\/ou aux protocoles des Propri\u00e9t\u00e9s.<br \/>Cette licence ne conf\u00e8re \u00e0 l&rsquo;Utilisateur aucun droit d&rsquo;utilisation du contenu. L&rsquo;Utilisateur s&rsquo;interdit donc de reproduire, repr\u00e9senter, adapter et\/ou exploiter tout contenu. L&rsquo;Utilisateur s&rsquo;engage express\u00e9ment \u00e0 ce que l&rsquo;utilisation de l&rsquo;Application ne porte en aucun cas atteinte aux droits de Multicam Systems, et notamment que cette utilisation ne constitue pas un acte de contrefa\u00e7on ou de concurrence d\u00e9loyale ou parasitaire du contenu.  <br \/>Cette licence d&rsquo;utilisation est accord\u00e9e exclusivement \u00e0 l&rsquo;utilisateur pour la dur\u00e9e de l&rsquo;utilisation de l&rsquo;application.<\/p>\n<div class=\"clearboth\"> <\/div>\n<\/div>\n<\/div>\n<h3>Article 7. OBLIGATIONS DE L&rsquo;UTILISATEUR <\/h3>\n<div class=\"clearboth\"> <\/div>\n<div id=\"padding-29\" class=\"mk-padding-divider jupiter-donut- jupiter-donut-clearfix\"> <\/div>\n<div class=\" vc_custom_1606821990485\">\n<div id=\"text-block-30\" class=\"mk-text-block jupiter-donut- \">\n<p>L&rsquo;utilisateur s&rsquo;engage notamment \u00e0<\/p>\n<ul>\n<li>ne pas reproduire l&rsquo;Application de mani\u00e8re permanente ou temporaire, en tout ou en partie, par quelque moyen et sous quelque forme que ce soit ;<\/li>\n<li>ne pas utiliser de logiciels ou de proc\u00e9d\u00e9s pour copier le contenu sans l&rsquo;autorisation \u00e9crite pr\u00e9alable de Multicam Systems ;<\/li>\n<li>ne pas adapter, modifier, traduire, reproduire, arranger, compiler, d\u00e9compiler, assembler, d\u00e9sassembler, transcoder ou d\u00e9sosser tout ou partie de l&rsquo;application, des services et\/ou du contenu ;<\/li>\n<li>ne pas exporter l&rsquo;application, ne pas fusionner tout ou partie de l&rsquo;application avec d&rsquo;autres programmes informatiques ;<\/li>\n<li>ne pas d\u00e9livrer de courtes citations, analyses et reproductions pour des revues de presse et autres usages express\u00e9ment autoris\u00e9s par la loi dans les limites et conditions fix\u00e9es par la loi et sous r\u00e9serve notamment de la mention des noms des auteurs et de la source \u00e9ditoriale ;<\/li>\n<li>\u00e0 renoncer express\u00e9ment \u00e0 l&rsquo;utilisation de logiciels ou de dispositifs susceptibles de perturber le bon fonctionnement de l&rsquo;Application, ni \u00e0 entreprendre toute action susceptible d&rsquo;imposer une charge disproportionn\u00e9e sur les infrastructures de Multicam Systems ;<\/li>\n<li>ne pas extraire ou r\u00e9utiliser, y compris \u00e0 des fins priv\u00e9es, sans autorisation pr\u00e9alable et \u00e9crite de Multicam Systems, une partie substantielle ou non du contenu des bases de donn\u00e9es et des archives constitu\u00e9es par l&rsquo;Application ;<\/li>\n<li>ne pas mettre en place des syst\u00e8mes susceptibles de pirater l&rsquo;Application et\/ou le contenu en tout ou partie, ou susceptibles de violer les pr\u00e9sentes CGU ;<\/li>\n<li>\u00e0 informer Multicam Systems d\u00e8s qu&rsquo;il a connaissance d&rsquo;un acte de piratage et notamment de toute utilisation ill\u00e9gale ou non contractuelle de l&rsquo;Application et\/ou du contenu quel que soit le mode de diffusion ;<\/li>\n<li>ne pas vendre, louer, conc\u00e9der en sous-licence ou distribuer de quelque mani\u00e8re que ce soit l&rsquo;application et\/ou le contenu \u00e0 des tiers, sans l&rsquo;autorisation \u00e9crite pr\u00e9alable de Multicam Systems.<\/li>\n<\/ul>\n<p>D&rsquo;une mani\u00e8re g\u00e9n\u00e9rale, toute utilisation de l&rsquo;application et\/ou des propri\u00e9t\u00e9s du site web est interdite sans l&rsquo;accord expr\u00e8s, pr\u00e9alable et \u00e9crit des d\u00e9tenteurs des droits exclusifs concern\u00e9s.<\/p>\n<div class=\"clearboth\"> <\/div>\n<\/div>\n<\/div>\n<h3>Article 8. PROTECTION DES DONN\u00c9ES \u00c0 CARACT\u00c8RE PERSONNEL <\/h3>\n<div class=\"clearboth\"> <\/div>\n<div id=\"padding-32\" class=\"mk-padding-divider jupiter-donut- jupiter-donut-clearfix\"> <\/div>\n<div class=\" vc_custom_1606822008158\">\n<div id=\"text-block-33\" class=\"mk-text-block jupiter-donut- \">\n<p>L&rsquo;utilisation du Site et de l&rsquo;Application peut conduire Multicam Systems et, le cas \u00e9ch\u00e9ant, ses partenaires, \u00e0 traiter les donn\u00e9es personnelles de l&rsquo;Utilisateur.<br \/>Les d\u00e9tails de ce traitement sont expos\u00e9s dans la politique de protection de la vie priv\u00e9e, qui fait partie int\u00e9grante des pr\u00e9sentes CGU, et qui peut \u00eatre consult\u00e9e en <a href=\"https:\/\/web.archive.org\/web\/20210126033229\/https:\/\/multicam-systems.com\/?page_id=15870\">cliquant ici.<\/a><\/p>\n<div class=\"clearboth\"> <\/div>\n<\/div>\n<\/div>\n<h3>Article 9. DISPONIBILIT\u00c9 DE LA DEMANDE <\/h3>\n<div class=\"clearboth\"> <\/div>\n<div id=\"padding-35\" class=\"mk-padding-divider jupiter-donut- jupiter-donut-clearfix\"> <\/div>\n<div class=\" vc_custom_1606822020302\">\n<div id=\"text-block-36\" class=\"mk-text-block jupiter-donut- \">\n<p>Multicam Systems s&rsquo;engage \u00e0 faire ses meilleurs efforts pour s\u00e9curiser l&rsquo;acc\u00e8s, la consultation et l&rsquo;utilisation des Services de l&rsquo;Application. A des fins d&rsquo;assistance, l&rsquo;Utilisateur peut autoriser que l&rsquo;Application soit accessible 24 heures sur 24, 7 jours sur 7 sauf en cas de force majeure ou d&rsquo;un \u00e9v\u00e9nement hors du contr\u00f4le de Multicam Systems et sous r\u00e9serve des \u00e9ventuelles pannes et interventions de maintenance n\u00e9cessaires au bon fonctionnement de l&rsquo;Application. Les interventions de maintenance sont effectu\u00e9es avec une notification pr\u00e9alable aux Utilisateurs.  <\/p>\n<div class=\"clearboth\"> <\/div>\n<\/div>\n<\/div>\n<h3>Article 10. LIMITATION DE LA GARANTIE <\/h3>\n<div class=\"clearboth\"> <\/div>\n<div id=\"padding-38\" class=\"mk-padding-divider jupiter-donut- jupiter-donut-clearfix\"> <\/div>\n<div class=\" vc_custom_1606822031516\">\n<div id=\"text-block-39\" class=\"mk-text-block jupiter-donut- \">\n<p>L&rsquo;acc\u00e8s \u00e0 l&rsquo;application et son utilisation se font aux risques et p\u00e9rils de l&rsquo;utilisateur.<br \/>L&rsquo;application et le logiciel sont fournis \u00ab\u00a0en l&rsquo;\u00e9tat\u00a0\u00bb et \u00ab\u00a0tels que disponibles\u00a0\u00bb sans garantie d&rsquo;aucune sorte.<br \/>Il incombe \u00e0 chaque utilisateur de prendre toutes les mesures appropri\u00e9es pour prot\u00e9ger ses propres donn\u00e9es et\/ou logiciels stock\u00e9s sur son ordinateur et son \u00e9quipement t\u00e9l\u00e9phonique contre toute atteinte.<br \/>L&rsquo;Utilisateur d\u00e9clare conna\u00eetre et accepter les caract\u00e9ristiques et les limites du r\u00e9seau Internet et notamment les caract\u00e9ristiques de performances fonctionnelles et techniques du r\u00e9seau Internet ; les probl\u00e8mes de connexion et\/ou d&rsquo;acc\u00e8s au r\u00e9seau Internet et\/ou aux sites web ; les probl\u00e8mes de disponibilit\u00e9 et d&rsquo;encombrement du r\u00e9seau ; les probl\u00e8mes de d\u00e9faillance ou de saturation du r\u00e9seau ; les probl\u00e8mes de temps de transit, d&rsquo;acc\u00e8s aux informations mises en ligne, de temps de r\u00e9ponse pour afficher, consulter, interroger ou transf\u00e9rer de quelque mani\u00e8re que ce soit des donn\u00e9es ; les risques d&rsquo;interruption ; l&rsquo;absence de protection de certaines donn\u00e9es contre des d\u00e9tournements \u00e9ventuels ou le piratage ; les risques d&rsquo;infection par des \u00e9ventuels virus circulant sur lesdits r\u00e9seaux, etc. pour lesquels Multicam Systems ne peut \u00eatre tenu responsable.<br \/>Multicam Systems ne peut \u00eatre tenu pour responsable :<\/p>\n<ul>\n<li>en cas de d\u00e9faillance, de perte, de retard ou d&rsquo;erreur dans la transmission des donn\u00e9es, ind\u00e9pendants de sa volont\u00e9 ;<\/li>\n<li>pour l&rsquo;envoi de messages et\/ou de donn\u00e9es et \u00e0 une adresse fausse, incorrecte ou incompl\u00e8te ;<\/li>\n<li>si les donn\u00e9es n&rsquo;ont pas \u00e9t\u00e9 re\u00e7ues, pour quelque raison que ce soit, ou si les donn\u00e9es re\u00e7ues sont illisibles ou impossibles \u00e0 traiter ;<\/li>\n<li>en cas d&rsquo;impossibilit\u00e9 pour l&rsquo;Utilisateur d&rsquo;acc\u00e9der ou d&rsquo;utiliser le Site, l&rsquo;Application et\/ou les Services pour quelque raison que ce soit ;<\/li>\n<li>si, pour une raison quelconque, la connexion devait \u00eatre interrompue.<\/li>\n<\/ul>\n<div class=\"clearboth\"> <\/div>\n<\/div>\n<\/div>\n<h3>Article 11. \u00c9VOLUTION DES CONDITIONS G\u00c9N\u00c9RALES D&rsquo;UTILISATION <\/h3>\n<div class=\"clearboth\"> <\/div>\n<div id=\"padding-41\" class=\"mk-padding-divider jupiter-donut- jupiter-donut-clearfix\"> <\/div>\n<div class=\" vc_custom_1606822044800\">\n<div id=\"text-block-42\" class=\"mk-text-block jupiter-donut- \">\n<p>Les CGU applicables sont celles en vigueur \u00e0 la date de connexion et d&rsquo;utilisation de l&rsquo;Application par l&rsquo;Utilisateur.<br \/>Multicam Systems se r\u00e9serve le droit de modifier, \u00e0 tout moment, tout ou partie des dispositions des CGU sans pr\u00e9avis ni information pr\u00e9alable des Utilisateurs afin de les adapter aux \u00e9volutions des Services ou aux \u00e9volutions techniques, l\u00e9gales ou jurisprudentielles ou lors de la mise en place de nouveaux services.<br \/>Les modifications apport\u00e9es par Multicam Systems aux CGU seront port\u00e9es \u00e0 la connaissance des Utilisateurs par simple mise en ligne. Elles sont r\u00e9put\u00e9es accept\u00e9es sans r\u00e9serve par tout Utilisateur qui acc\u00e8de \u00e0 l&rsquo;Application post\u00e9rieurement \u00e0 cette mise en ligne. Multicam Systems recommande donc \u00e0 tout Utilisateur de consulter r\u00e9guli\u00e8rement les CGU.  <br \/>Tout nouveau service incorporant de nouvelles techniques ou caract\u00e9ristiques qui am\u00e9liorent la qualit\u00e9 des services existants sera \u00e9galement soumis aux pr\u00e9sentes CGU, sauf disposition contraire expresse.<\/p>\n<div class=\"clearboth\"> <\/div>\n<\/div>\n<\/div>\n<h3>Article 12. R\u00c9SILIATION <\/h3>\n<div class=\"clearboth\"> <\/div>\n<div id=\"padding-44\" class=\"mk-padding-divider jupiter-donut- jupiter-donut-clearfix\"> <\/div>\n<div class=\" vc_custom_1606822056142\">\n<div id=\"text-block-45\" class=\"mk-text-block jupiter-donut- \">\n<p>Multicam Systems peut mettre fin \u00e0 l&rsquo;utilisation de l&rsquo;application \u00e0 tout moment si la licence n&rsquo;est pas enti\u00e8rement achet\u00e9e.<br \/>En cas de r\u00e9siliation, les droits et licences qui vous sont accord\u00e9s seront r\u00e9sili\u00e9s et vous devrez cesser toute utilisation de l&rsquo;application.<\/p>\n<div class=\"clearboth\"> <\/div>\n<\/div>\n<\/div>\n<h3>Article 13. CONTACT <\/h3>\n<div class=\"clearboth\"> <\/div>\n<div id=\"padding-47\" class=\"mk-padding-divider jupiter-donut- jupiter-donut-clearfix\"> <\/div>\n<div class=\" vc_custom_1606822068624\">\n<div id=\"text-block-48\" class=\"mk-text-block jupiter-donut- \">\n<p>Toute question concernant l&rsquo;Application et\/ou les Services doit \u00eatre adress\u00e9e \u00e0 : Multicam Systems &#8211; 94 rue des Sorins 93100 Montreuil T\u00e9l\u00e9phone:+33 9 72 58 67 28ou via ce <a href=\"https:\/\/web.archive.org\/web\/20210126033229\/https:\/\/multicam-systems.com\/?page_id=4772\">formulaire de contact<\/a>.<\/p>\n<div class=\"clearboth\"> <\/div>\n<\/div>\n<\/div>\n<h3>Article 14. APPLICABLE LAW <\/h3>\n<div class=\"clearboth\"> <\/div>\n<div id=\"padding-50\" class=\"mk-padding-divider jupiter-donut- jupiter-donut-clearfix\"> <\/div>\n<div class=\" vc_custom_1606822079831\">\n<div id=\"text-block-51\" class=\"mk-text-block jupiter-donut- \">\n<p>Les pr\u00e9sentes CGU sont soumises au droit fran\u00e7ais.<br \/>Tout litige ou contestation relatif \u00e0 l&rsquo;ex\u00e9cution ou \u00e0 l&rsquo;interpr\u00e9tation du pr\u00e9sent r\u00e8glement qui n&rsquo;aura pu \u00eatre r\u00e9gl\u00e9 \u00e0 l&rsquo;amiable entre les parties sera soumis aux tribunaux comp\u00e9tents du ressort de la Cour d&rsquo;appel de Bobigny.<br \/><em>Fait \u00e0 Montreuil (FRANCE), le 1er janvier 2020.<\/em><\/p>\n<\/div>\n<\/div>\n\t\t\t\t\t\t\t\t<\/div>\n\t\t\t\t<\/div>\n\t\t\t\t\t<\/div>\n\t\t\t\t<\/div>\n\t\t\t\t<\/div>\n\t\t","protected":false},"excerpt":{"rendered":"<p>Les pr\u00e9sentes conditions g\u00e9n\u00e9rales d&rsquo;utilisation (ci-apr\u00e8s d\u00e9nomm\u00e9es \u00ab\u00a0CGU\u00ab\u00a0) ont pour objet de d\u00e9terminer les r\u00e8gles d&rsquo;utilisation de l&rsquo;application bureautique \u00ab\u00a0Multicam systems\u00a0\u00bb (ci-apr\u00e8s d\u00e9nomm\u00e9e \u00ab\u00a0Application\u00ab\u00a0) \u00e9dit\u00e9e par Multicam Systems (ci-apr\u00e8s d\u00e9nomm\u00e9e \u00ab\u00a0Multicam Systems\u00a0\u00bb).En installant l&rsquo;Application Multicam Systems, en tant qu&rsquo;utilisateur, vous acceptez sans condition ni r\u00e9serve l&rsquo;ensemble des conditions g\u00e9n\u00e9rales d&rsquo;utilisation d\u00e9finies ci-apr\u00e8s. Si vous ne [&hellip;]<\/p>\n","protected":false},"author":3,"featured_media":0,"parent":0,"menu_order":0,"comment_status":"closed","ping_status":"closed","template":"","meta":{"footnotes":""},"class_list":["post-7149","page","type-page","status-publish","hentry"],"aioseo_notices":[],"_links":{"self":[{"href":"https:\/\/www.multicam-systems.com\/fr\/wp-json\/wp\/v2\/pages\/7149"}],"collection":[{"href":"https:\/\/www.multicam-systems.com\/fr\/wp-json\/wp\/v2\/pages"}],"about":[{"href":"https:\/\/www.multicam-systems.com\/fr\/wp-json\/wp\/v2\/types\/page"}],"author":[{"embeddable":true,"href":"https:\/\/www.multicam-systems.com\/fr\/wp-json\/wp\/v2\/users\/3"}],"replies":[{"embeddable":true,"href":"https:\/\/www.multicam-systems.com\/fr\/wp-json\/wp\/v2\/comments?post=7149"}],"version-history":[{"count":0,"href":"https:\/\/www.multicam-systems.com\/fr\/wp-json\/wp\/v2\/pages\/7149\/revisions"}],"wp:attachment":[{"href":"https:\/\/www.multicam-systems.com\/fr\/wp-json\/wp\/v2\/media?parent=7149"}],"curies":[{"name":"wp","href":"https:\/\/api.w.org\/{rel}","templated":true}]}}