{"id":6940,"date":"2023-11-06T14:22:48","date_gmt":"2023-11-06T13:22:48","guid":{"rendered":"https:\/\/www.multicam-systems.com\/politique-de-confidentialite\/"},"modified":"2024-05-17T10:28:30","modified_gmt":"2024-05-17T08:28:30","slug":"politique-de-confidentialite","status":"publish","type":"page","link":"https:\/\/www.multicam-systems.com\/fr\/politique-de-confidentialite\/","title":{"rendered":"Politique de confidentialit\u00e9"},"content":{"rendered":"\t\t<div data-elementor-type=\"wp-page\" data-elementor-id=\"6940\" class=\"elementor elementor-6940 elementor-3\" data-elementor-post-type=\"page\">\n\t\t\t\t\t\t<section class=\"has_eae_slider elementor-section elementor-top-section elementor-element elementor-element-571bca6b elementor-section-boxed elementor-section-height-default elementor-section-height-default\" data-eae-slider=\"42102\" data-id=\"571bca6b\" data-element_type=\"section\" data-e-type=\"section\">\n\t\t\t\t\t\t<div class=\"elementor-container elementor-column-gap-default\">\n\t\t\t\t\t<div class=\"has_eae_slider elementor-column elementor-col-100 elementor-top-column elementor-element elementor-element-16c043f\" data-eae-slider=\"45638\" data-id=\"16c043f\" data-element_type=\"column\" data-e-type=\"column\">\n\t\t\t<div class=\"elementor-widget-wrap elementor-element-populated\">\n\t\t\t\t\t\t<div class=\"elementor-element elementor-element-1282e6c8 elementor-widget elementor-widget-text-editor\" data-id=\"1282e6c8\" data-element_type=\"widget\" data-e-type=\"widget\" data-widget_type=\"text-editor.default\">\n\t\t\t\t<div class=\"elementor-widget-container\">\n\t\t\t\t\t\t\t\t\t<div>\n<p><em>Derni\u00e8re mise \u00e0 jour : novembre 2023<\/em><br \/>Responsable de la publication : Arnaud Anchelergue<br \/>Cette politique de confidentialit\u00e9 d\u00e9finit et vous informe de la mani\u00e8re dont Multicam Systems utilise et prot\u00e8ge les informations que vous nous fournissez.<br \/>Le portail <a href=\"http:\/\/multicam-systems.com\/\">multicam-systems.com\/fr\/ <\/a>et l&rsquo;application \u00ab MULTICAM Systems \u00bb sont la propri\u00e9t\u00e9 de Multicam Systems SAS, dont le si\u00e8ge social est situ\u00e9 au 94 rue des Sorins 93100 Montreuil, France.<br \/>Veuillez noter que cette politique de confidentialit\u00e9 peut \u00eatre modifi\u00e9e ou compl\u00e9t\u00e9e \u00e0 tout moment par Multicam Systems, notamment en vue de se conformer \u00e0 toute \u00e9volution l\u00e9gislative, r\u00e9glementaire, jurisprudentielle ou technologique. Dans ce cas, la date de sa mise \u00e0 jour sera clairement identifi\u00e9e au d\u00e9but de la pr\u00e9sente politique. Ces modifications sont opposables \u00e0 l&rsquo;utilisateur d\u00e8s leur mise en ligne. Il est donc conseill\u00e9 \u00e0 l&rsquo;utilisateur de consulter r\u00e9guli\u00e8rement la pr\u00e9sente politique de confidentialit\u00e9 afin d&rsquo;\u00eatre inform\u00e9 de tout changement.   <br \/>La pr\u00e9sente politique de confidentialit\u00e9 fait partie int\u00e9grante des conditions g\u00e9n\u00e9rales d&rsquo;utilisation accessibles ici [insert link]: \u00e0 ce titre, les termes commen\u00e7ant par une majuscule ont la m\u00eame signification que celle qui leur est donn\u00e9e dans les CGU.<\/p>\n<div> <\/div>\n<\/div>\n<h3>1. DONN\u00c9ES PERSONNELLES \/ SITE INTERNET multicam-systems.com<\/h3>\n<div> <\/div>\n<div> <\/div>\n<div>\n<p>D&rsquo;une mani\u00e8re g\u00e9n\u00e9rale, il vous est possible de visiter le site Web de Multicam Systems <strong>http:\/\/multicam-systems.com\/<\/strong> <a href=\"http:\/\/multicam-systems.com\/\">(le \u00ab\u00a0site Web\u00a0\u00bb)<\/a> sans divulguer d&rsquo;informations personnelles vous concernant.<br \/>Si vous souhaitez obtenir des informations sur nos produits, un formulaire de contact est disponible sur notre portail <a href=\"http:\/\/multicam-systems.com\/\">http:\/\/multicam-systems.com\/<\/a>. \u00c0 cette fin, Multicam Systems vous demandera de fournir vos nom, pr\u00e9nom, adresse \u00e9lectronique, num\u00e9ro de t\u00e9l\u00e9phone et entreprise (ci-apr\u00e8s vos <strong>\u00ab\u00a0informations personnelles\u00a0\u00bb).<\/strong><br \/>En utilisant nos services, vous acceptez de fournir des informations personnelles exactes, valides et compl\u00e8tes.<br \/>Mais en tout \u00e9tat de cause, Vous n&rsquo;avez aucune obligation de transmettre ces informations \u00e0 Multicam Systems.<br \/>En fournissant ces informations, vous acceptez express\u00e9ment qu&rsquo;elles soient trait\u00e9es par Multicam Systems, aux fins indiqu\u00e9es au point 2 ci-dessous ainsi qu&rsquo;aux fins rappel\u00e9es \u00e0 la fin de chaque formulaire.<br \/>Conform\u00e9ment au R\u00e8glement g\u00e9n\u00e9ral sur la protection des donn\u00e9es adopt\u00e9 par le Parlement europ\u00e9en le 14 avril 2016, et \u00e0 la Loi informatique et Libert\u00e9s du 6 janvier 1978 modifi\u00e9e, <em>Multicam Systems<\/em> vous informe des points suivants :<\/p>\n<p><strong>1.1 Identit\u00e9 du responsable du traitement <\/strong><br \/>Le responsable du traitement des donn\u00e9es est Multicam Systems, dont le si\u00e8ge social est situ\u00e9 au 94 rue des Sorins 93100 Montreuil.<br \/>T\u00e9l\u00e9phone : +33 9 72 58 67 28<\/p>\n<p><strong>1.2. Finalit\u00e9s du traitement  <\/strong><br \/>Multicam Systems peut traiter vos informations personnelles :<br \/>(a) dans le but de Vous fournir les informations ou les services que Vous avez demand\u00e9s (notamment : envoi de la Newsletter, d&rsquo;offres commerciales ou de t\u00e9moignages ; et\/ou<br \/>(b) afin de pouvoir vous contacter au sujet de divers \u00e9v\u00e9nements li\u00e9s \u00e0 Multicam Systems, y compris, mais sans s&rsquo;y limiter, les mises \u00e0 jour de services ou de produits et l&rsquo;assistance \u00e0 la client\u00e8le.<\/p>\n<p><strong>1.3. B\u00e9n\u00e9ficiaires  <\/strong><br \/>Multicam Systems est le destinataire de vos informations personnelles. Ces informations ne sont jamais transmises \u00e0 un tiers. Multicam Systems ne vend pas les informations personnelles des visiteurs et utilisateurs de son site web.  <br \/>Multicam Systems veille au respect de conditions strictes en mati\u00e8re de confidentialit\u00e9, d&rsquo;utilisation et de protection des donn\u00e9es.<\/p>\n<div> <\/div>\n<\/div>\n<h3>2. DONN\u00c9ES PERSONNELLES SUR L&rsquo;APPLICATION DES SYST\u00c8MES MULTICAM<\/h3>\n<div> <\/div>\n<div> <\/div>\n<div>\n<p>MULTICAM SYSTEMS con\u00e7oit des syst\u00e8mes innovants d&rsquo;enregistrement vid\u00e9o en direct. Il s&rsquo;agit d&rsquo;une solution Hardware + Software qui se distingue par son ergonomie. Son interface intuitive permet de produire des contenus vid\u00e9o sans connaissances audiovisuelles particuli\u00e8res.  <br \/>L&rsquo;application Multicam Systems est d\u00e9velopp\u00e9e pour Windows.<br \/>Par le biais de notre solution logicielle, nous collectons deux types d&rsquo;informations :<\/p>\n<ul>\n<li>Informations d&rsquo;assistance pour les cas o\u00f9 vous souhaitez signaler des dysfonctionnements observ\u00e9s.<\/li>\n<li>Informations relatives \u00e0 notre interface avec des API tierces telles que celles de Facebook pour simplifier la cr\u00e9ation et la publication de vos \u00e9v\u00e9nements en direct sur Internet via Facebook Live.<\/li>\n<\/ul>\n<p><strong>2.1. Informations collect\u00e9es via le support <\/strong><br \/>Dans le cadre de notre service d&rsquo;assistance, nous recueillons votre nom et votre adresse \u00e9lectronique afin de vous identifier lorsque nous recevons les journaux de votre machine. Nous pouvons \u00e9galement, pour assurer un support de qualit\u00e9, avoir besoin de r\u00e9cup\u00e9rer les donn\u00e9es que vous avez produites sur la machine, telles que les enregistrements vid\u00e9o et les graphiques. Vos donn\u00e9es peuvent \u00eatre utilis\u00e9es pour des tests internes afin de comprendre le probl\u00e8me et de le r\u00e9soudre. Ces donn\u00e9es sont imm\u00e9diatement effac\u00e9es d\u00e8s que le probl\u00e8me est r\u00e9solu.   <br \/>Mais Vous n&rsquo;\u00eates en aucun cas dans l&rsquo;obligation de transmettre ces informations \u00e0 Multicam Systems.<\/p>\n<p><strong>2.2. Informations collect\u00e9es via l&rsquo;API Facebook <\/strong><br \/>Afin de simplifier la cr\u00e9ation de vos \u00e9v\u00e9nements et images en direct sur l&rsquo;internet, nous avons ajout\u00e9 une interface avec l&rsquo;API de Facebook. Pour plus d&rsquo;informations sur les politiques de confidentialit\u00e9 de ces services, veuillez vous r\u00e9f\u00e9rer aux liens suivants : <a href=\"\">https:\/\/developers.facebook.com\/policy\/<\/a> <br \/>Integration with the Facebook API requires us to collect your ID and a token key to secure exchanges. This ID is stored in internal storage of the system. <br \/>Dans ce cadre, Facebook, en tant que sous-traitant des donn\u00e9es collect\u00e9es dans le cadre de l&rsquo;utilisation de l&rsquo;interface Facebook API, s&rsquo;est engag\u00e9 \u00e0 fournir des garanties suffisantes quant \u00e0 la mise en \u0153uvre de mesures techniques et organisationnelles appropri\u00e9es pour assurer la conformit\u00e9 du traitement aux exigences de la r\u00e9glementation en vigueur.<\/p>\n<p><b>2.3 Informations collect\u00e9es via l&rsquo;API de Youtube : <\/b><span style=\"font-weight: 600; color: var( --e-global-color-text ); font-family: var( --e-global-typography-text-font-family ), Sans-serif; font-size: 1rem;\"> <\/span><\/p>\n<p>Les donn\u00e9es utilis\u00e9es \/ stock\u00e9es sont :<\/p>\n<ol>\n<li>Indicatif r\u00e9gional : pour l&rsquo;affichage et le stockage sur la station multicam de l&rsquo;utilisateur<\/li>\n<li>Nom d&rsquo;utilisateur : pour l&rsquo;affichage et le stockage sur la station multicam de l&rsquo;utilisateur<\/li>\n<li>Avatar : pour l&rsquo;affichage et le stockage sur la station multicam de l&rsquo;utilisateur<\/li>\n<li>Localit\u00e9 de l&rsquo;utilisateur : pour l&rsquo;affichage et le stockage sur la station multicam de l&rsquo;utilisateur<\/li>\n<li>Listes de lecture de l&rsquo;utilisateur \u00e0 afficher (stockage de l&rsquo;ID de la liste de lecture pour un flux de travail enregistr\u00e9 lorsqu&rsquo;il est automatiquement ajout\u00e9 \u00e0 une liste de lecture, stock\u00e9e sur la station multicam de l&rsquo;utilisateur)<\/li>\n<\/ol>\n<p>multiCAM Systems ne partage aucune de ces donn\u00e9es avec des tiers. Ces donn\u00e9es ne sont utilis\u00e9es que dans le cadre de l&rsquo;utilisation des services API de Youtube. Les utilisateurs peuvent contacter multiCAM Systems ou le d\u00e9veloppeur pour toute question ou plainte concernant les pratiques en mati\u00e8re de confidentialit\u00e9.<\/p>\n<p>Outre la proc\u00e9dure normale de suppression des donn\u00e9es stock\u00e9es par multiCAM, les utilisateurs peuvent r\u00e9voquer l&rsquo;acc\u00e8s de mutlicam \u00e0 leurs donn\u00e9es par le biais des param\u00e8tres de s\u00e9curit\u00e9 de Google : <a href=\"https:\/\/myaccount.google.com\/permissions?pli=1\">https:\/\/myaccount.google.com\/permissions?pli=1<\/a><\/p>\n<p><strong>2.4. Destinataires de ces informations<\/strong><br \/>Multicam Systems est le destinataire de vos informations personnelles. Ces informations ne sont jamais transmises \u00e0 un tiers. Multicam Systems ne vend pas les informations personnelles des visiteurs et utilisateurs de son site web.  <br \/>Multicam Systems veille au respect de conditions strictes en mati\u00e8re de confidentialit\u00e9, d&rsquo;utilisation et de protection des donn\u00e9es.<\/p>\n<div> <\/div>\n<\/div>\n<h3>2. DONN\u00c9ES PERSONNELLES SUR L&rsquo;APPLICATION DES SYST\u00c8MES MULTICAM<\/h3>\n<div> <\/div>\n<div> <\/div>\n<div>\n<p><strong>3.1. Droits des personnes concern\u00e9es  <\/strong><\/p>\n<p><strong>3.1.1.<\/strong>Conform\u00e9ment \u00e0 la r\u00e9glementation en vigueur, \u00e0 la loi n\u00b0 78-17 du 6 janvier 1978 modifi\u00e9e relative \u00e0 l&rsquo;informatique, aux fichiers et aux libert\u00e9s et au R\u00e8glement (UE) 2016\/679 du Parlement europ\u00e9en et du Conseil du 17 avril 2016 (GDPR), le Client dispose de plusieurs droits et notamment des droits suivants :<\/p>\n<p><strong><em>Droit d&rsquo;acc\u00e8s et de communication des donn\u00e9es<\/em><\/strong><br \/>Vous avez le droit d&rsquo;acc\u00e9der aux informations personnelles vous concernant.<br \/>Cependant, en raison de l&rsquo;obligation de s\u00e9curit\u00e9 et de confidentialit\u00e9 dans le traitement des donn\u00e9es \u00e0 caract\u00e8re personnel qui incombe \u00e0 Multicam Systems, Vous \u00eates inform\u00e9 que votre demande sera trait\u00e9e sous r\u00e9serve que vous rapportiez la preuve de votre identit\u00e9, notamment par la production d&rsquo;un scan de votre titre d&rsquo;identit\u00e9 valide (en cas de demande par notre formulaire \u00e9lectronique d\u00e9di\u00e9) ou d&rsquo;une photocopie sign\u00e9e de votre titre d&rsquo;identit\u00e9 valide (en cas de demande adress\u00e9e par \u00e9crit).<br \/>Multicam Systems vous informe qu&rsquo;il sera en droit, le cas \u00e9ch\u00e9ant, de refuser les demandes manifestement abusives (de par leur nombre, leur caract\u00e8re r\u00e9p\u00e9titif ou syst\u00e9matique).<br \/>Pour Vous aider dans vos d\u00e9marches, notamment si Vous souhaitez exercer votre droit d&rsquo;acc\u00e8s par le biais d&rsquo;une demande \u00e9crite \u00e0 l&rsquo;adresse postale mentionn\u00e9e au point 1, Vous trouverez en cliquant sur le lien suivant un mod\u00e8le de courrier \u00e9labor\u00e9 par la Commission Nationale de l&rsquo;Informatique et des Libert\u00e9s (la \u00a0\u00bb CNIL \u00ab\u00a0). Nous Vous demandons \u00e9galement de prouver votre identit\u00e9 \u00e0 l&rsquo;aide de 2 pi\u00e8ces d&rsquo;identit\u00e9 approuv\u00e9es. <br \/><a href=\"https:\/\/www.cnil.fr\/fr\/modele\/courrier\/exercer-son-droit-dacces\">https:\/\/www.cnil.fr\/fr\/modele\/courrier\/exercer-son-droit-dacces<\/a><\/p>\n<p><strong><em>Droit de rectification des donn\u00e9es<\/em><\/strong><br \/>En vertu de ce droit, la l\u00e9gislation vous permet de demander la rectification, la mise \u00e0 jour, le verrouillage ou la suppression des donn\u00e9es vous concernant qui peuvent s&rsquo;av\u00e9rer inexactes, erron\u00e9es, incompl\u00e8tes ou obsol\u00e8tes.<br \/>Vous pouvez \u00e9galement d\u00e9finir des directives g\u00e9n\u00e9rales et particuli\u00e8res relatives au sort des donn\u00e9es \u00e0 caract\u00e8re personnel apr\u00e8s votre d\u00e9c\u00e8s. Le cas \u00e9ch\u00e9ant, les h\u00e9ritiers d&rsquo;une personne d\u00e9c\u00e9d\u00e9e peuvent demander que le d\u00e9c\u00e8s de leur proche soit pris en consid\u00e9ration et\/ou que les mises \u00e0 jour n\u00e9cessaires soient effectu\u00e9es. <br \/>Pour Vous aider dans vos d\u00e9marches, notamment si Vous souhaitez exercer votre droit d&rsquo;acc\u00e8s ou exercer ce droit au nom d&rsquo;un proche d\u00e9c\u00e9d\u00e9, par le biais d&rsquo;une demande \u00e9crite \u00e0 l&rsquo;adresse postale mentionn\u00e9e au point 1, Vous trouverez en cliquant sur le lien suivant un mod\u00e8le de courrier \u00e9labor\u00e9 par la CNIL. Nous Vous demandons \u00e9galement de prouver votre identit\u00e9 \u00e0 l&rsquo;aide de 2 pi\u00e8ces d&rsquo;identit\u00e9 approuv\u00e9es. <br \/><a href=\"https:\/\/www.cnil.fr\/fr\/modele\/courrier\/rectifier-des-donnees-inexactes-obsoletes-ou-perimees\">https:\/\/www.cnil.fr\/fr\/modele\/courrier\/rectifier-des-donnees-inexactes-obsoletes-ou-perimees<\/a><\/p>\n<p><strong><em>Droit d&rsquo;opposition<\/em><\/strong><br \/>Droit d&rsquo;opposition <br \/>Pour Vous aider dans vos d\u00e9marches, notamment si Vous souhaitez exercer votre droit d&rsquo;opposition par le biais d&rsquo;une demande \u00e9crite \u00e0 l&rsquo;adresse postale indiqu\u00e9e au point 1, Vous trouverez en cliquant sur le lien suivant un mod\u00e8le de lettre \u00e9labor\u00e9 par la CNIL.<br \/><a href=\"https:\/\/www.cnil.fr\/fr\/modele\/courrier\/sopposer-la-reception-de-prospection-commerciale-par-mail-sms-courriers\">https:\/\/www.cnil.fr\/fr\/modele\/courrier\/sopposer-la-reception-de-prospection-commerciale-par-mail-sms-courriers<\/a><u> <\/u><br \/>Nous vous demandons \u00e9galement de prouver votre identit\u00e9 \u00e0 l&rsquo;aide de deux pi\u00e8ces d&rsquo;identit\u00e9 approuv\u00e9es.<\/p>\n<p><strong><em>Droit \u00e0 la portabilit\u00e9 des donn\u00e9es<\/em><\/strong><br \/>En vertu de ce droit, la l\u00e9gislation vous autorise \u00e0 demander que les donn\u00e9es \u00e0 caract\u00e8re personnel que vous nous avez fournies vous soient transmises dans un format structur\u00e9, couramment utilis\u00e9 et lisible par machine, que vous \u00eates autoris\u00e9 \u00e0 transmettre \u00e0 un autre responsable du traitement sans que nous y fassions obstacle :<\/p>\n<ul>\n<li>Le traitement de vos donn\u00e9es a \u00e9t\u00e9 effectu\u00e9 avec votre consentement ou dans le cadre d&rsquo;un contrat d&rsquo;application ; et<\/li>\n<li>Le traitement est effectu\u00e9 \u00e0 l&rsquo;aide de proc\u00e9d\u00e9s automatis\u00e9s.<\/li>\n<\/ul>\n<p>Le cas \u00e9ch\u00e9ant, il vous sera \u00e9galement possible d&rsquo;obtenir que vos donn\u00e9es soient transmises directement par nous \u00e0 un autre responsable du traitement, si cela est techniquement possible.<\/p>\n<p><strong><em>Droit \u00e0 l&rsquo;effacement (\u00ab\u00a0droit \u00e0 l&rsquo;oubli\u00a0\u00bb)<\/em><\/strong><br \/>Under this right, the legislation entitles You to obtain the deletion of your data as soon as possible under the conditions listed in Article 17 paragraph 1 of the GDPR.<br \/>De m\u00eame, nous pouvons nous opposer \u00e0 la suppression de ces donn\u00e9es dans les cas pr\u00e9vus \u00e0 l&rsquo;article 17, paragraphe 3, du RGPD.<br \/><a href=\"https:\/\/www.cnil.fr\/fr\/modele\/courrier\/supprimer-des-informations-vous-concernant-dun-site-internet\">https:\/\/www.cnil.fr\/fr\/modele\/courrier\/supprimer-des-informations-Vous-concernant-dun-site-internet<\/a><\/p>\n<p><strong>3.1.2<\/strong> Tous ces droits peuvent \u00eatre exerc\u00e9s en nous \u00e9crivant \u00e0 l&rsquo;adresse postale mentionn\u00e9e au point 1.<\/p>\n<p><strong>3.2. Temps de r\u00e9ponse <\/strong><br \/>Multicam Systems s&rsquo;engage \u00e0 r\u00e9pondre \u00e0 votre demande relative \u00e0 l&rsquo;exercice de vos droits ou \u00e0 toute autre demande compl\u00e9mentaire d&rsquo;informations dans un d\u00e9lai raisonnable qui ne saurait d\u00e9passer 1 mois \u00e0 compter de la r\u00e9ception de votre demande.<\/p>\n<p><strong>3.3. Plaintes aupr\u00e8s de l&rsquo;autorit\u00e9 comp\u00e9tente  <\/strong><br \/>Si Vous consid\u00e9rez que Multicam Systems ne respecte pas ses obligations au regard de vos Informations Personnelles, Vous pouvez adresser une plainte ou une demande aupr\u00e8s de l&rsquo;autorit\u00e9 comp\u00e9tente. En France, l&rsquo;autorit\u00e9 comp\u00e9tente est la CNIL \u00e0 laquelle Vous pouvez adresser une demande par voie \u00e9lectronique en cliquant sur le lien suivant : <a href=\"https:\/\/www.cnil.fr\/fr\/plaintes\/internet.\">https:\/\/www.cnil.fr\/fr\/plaintes\/internet.<\/a> <\/p>\n<p><strong>3.4. Contact <\/strong><br \/>Si vous avez une question concernant notre politique de confidentialit\u00e9, veuillez nous contacter par courrier \u00e9lectronique \u00e0 l&rsquo;adresse suivante : contact@multicam-systems.com.<\/p>\n<p><strong>3.5. Traitement des donn\u00e9es collect\u00e9es <\/strong><br \/>Nous utilisons Google Analytics pour collecter des informations sur le navigateur lorsque vous visitez le site <a href=\"https:\/\/www.google.com\/intl\/fr\/policies\/privacy\/\">multicam-systems.com<\/a>. Pour plus d&rsquo;informations sur les r\u00e8gles de confidentialit\u00e9 de ces services, veuillez consulter les liens suivants : R\u00e8gles de confidentialit\u00e9 de Google. <\/p>\n<p><strong>3<\/strong><strong>.6. P\u00e9riode de conservation des informations personnelles <\/strong><br \/>Conform\u00e9ment aux dispositions de la r\u00e9glementation en vigueur, les donn\u00e9es trait\u00e9es sont conserv\u00e9es pendant une dur\u00e9e limit\u00e9e, et g\u00e9n\u00e9ralement pendant la dur\u00e9e n\u00e9cessaire au traitement.<br \/>Afin de r\u00e9soudre les conflits, de pr\u00e9venir la fraude, les abus et\/ou d&rsquo;appliquer les conditions g\u00e9n\u00e9rales d&rsquo;utilisation, nous nous r\u00e9servons le droit, conform\u00e9ment aux exigences l\u00e9gales et r\u00e9glementaires, de conserver certaines donn\u00e9es trait\u00e9es pendant une p\u00e9riode limit\u00e9e, m\u00eame si elles ne sont plus n\u00e9cessaires \u00e0 la finalit\u00e9 du traitement.<\/p>\n<p><strong>3.7. S\u00e9curit\u00e9 et protection des informations personnelles <\/strong><br \/>Nous nous effor\u00e7ons d&rsquo;\u00eatre attentifs au respect de la protection des donn\u00e9es que Vous nous communiquez, notamment par l&rsquo;utilisation de diverses fonctionnalit\u00e9s et proc\u00e9dures de s\u00e9curit\u00e9 en conformit\u00e9 avec les exigences l\u00e9gales et r\u00e9glementaires sp\u00e9cifiques.<\/p>\n<p><strong>3.8 Cookies<\/strong><br \/>Outre les informations personnelles que vous fournissez, nous pouvons utiliser des cookies et des balises web lorsque vous vous connectez \u00e0 notre site web et \u00e0 notre application et que vous les utilisez.<br \/>Les cookies sont des fichiers envoy\u00e9s au navigateur et stock\u00e9s sur le disque dur de l&rsquo;ordinateur. Les cookies utilis\u00e9s enregistrent des informations relatives \u00e0 la navigation sur le Site (pages consult\u00e9es, date et heure de la consultation, etc.), que le Site pourra lire lors de visites et\/ou connexions ult\u00e9rieures. Ces cookies sont utilis\u00e9s pour faciliter l&rsquo;utilisation du Site en affichant les informations saisies lors de l&rsquo;utilisation du Site lors de sa derni\u00e8re connexion et pour r\u00e9aliser des \u00e9tudes statistiques sur l&rsquo;utilisation du Site (nombre de transferts, temps de connexion, etc.) et en mesurer l&rsquo;audience.  <br \/>L&rsquo;utilisation de cookies est tr\u00e8s fr\u00e9quente sur le r\u00e9seau Internet. En utilisant le Site, vous acceptez que nous placions des cookies sur votre appareil et vous nous autorisez \u00e0 y acc\u00e9der lors de votre prochaine visite sur le Site. <br \/>N\u00e9anmoins, Vous pouvez \u00e0 tout moment vous opposer \u00e0 leur utilisation en configurant les pr\u00e9f\u00e9rences de votre appareil de mani\u00e8re \u00e0 ne plus accepter les cookies.<br \/>Toutefois, si vous refusez l&rsquo;utilisation de cookies ou si vous les d\u00e9sactivez, il se peut que vous ne puissiez plus acc\u00e9der \u00e0 certaines parties du site web.<br \/>Pour votre information, Vous trouverez les informations n\u00e9cessaires pour autoriser ou refuser le stockage de cookies en vous rendant sur les liens suivants :<\/p>\n<ul>\n<li>Internet Explorer\u2122 : <a href=\"http:\/\/windows.microsoft.com\/fr-FR\/windows-vista\/Block-or-allow-cookies\">http:\/\/windows.microsoft.com\/fr-FR\/windows-vista\/Block-or-allow-cookies<\/a><\/li>\n<li>Safari\u2122: <a href=\"https:\/\/support.apple.com\/kb\/ph21411?locale=fr_CA\">https:\/\/support.apple.com\/kb\/ph21411?locale=fr_CA<\/a><\/li>\n<li>Chrome\u2122: <a href=\"http:\/\/support.google.com\/chrome\/bin\/answer.py?hl=fr&amp;hlrm=en&amp;answer=95647\">http:\/\/support.google.com\/chrome\/bin\/answer.py?hl=fr&amp;hlrm=en&amp;answer=95647<\/a><\/li>\n<li>Firefox\u2122: <a href=\"http:\/\/support.mozilla.org\/fr\/kb\/Activer%20et%20d%C3%A9sactiver%20les%20cookies\">http:\/\/support.mozilla.org\/fr\/kb\/Activer%20et%20d%C3%A9sactiver%20les%20cookies<\/a><\/li>\n<li>Opera\u2122: <a href=\"http:\/\/help.opera.com\/Windows\/10.20\/fr\/cookies.html\">http:\/\/help.opera.com\/Windows\/10.20\/fr\/cookies.html<\/a><\/li>\n<\/ul>\n<\/div>\n\t\t\t\t\t\t\t\t<\/div>\n\t\t\t\t<\/div>\n\t\t\t\t\t<\/div>\n\t\t<\/div>\n\t\t\t\t\t<\/div>\n\t\t<\/section>\n\t\t\t\t<\/div>\n\t\t","protected":false},"excerpt":{"rendered":"<p>Derni\u00e8re mise \u00e0 jour : novembre 2023Responsable de la publication : Arnaud AnchelergueCette politique de confidentialit\u00e9 d\u00e9finit et vous informe de la mani\u00e8re dont Multicam Systems utilise et prot\u00e8ge les informations que vous nous fournissez.Le portail multicam-systems.com\/fr\/ et l&rsquo;application \u00ab MULTICAM Systems \u00bb sont la propri\u00e9t\u00e9 de Multicam Systems SAS, dont le si\u00e8ge social est [&hellip;]<\/p>\n","protected":false},"author":3,"featured_media":0,"parent":0,"menu_order":0,"comment_status":"closed","ping_status":"closed","template":"","meta":{"footnotes":""},"class_list":["post-6940","page","type-page","status-publish","hentry"],"aioseo_notices":[],"_links":{"self":[{"href":"https:\/\/www.multicam-systems.com\/fr\/wp-json\/wp\/v2\/pages\/6940"}],"collection":[{"href":"https:\/\/www.multicam-systems.com\/fr\/wp-json\/wp\/v2\/pages"}],"about":[{"href":"https:\/\/www.multicam-systems.com\/fr\/wp-json\/wp\/v2\/types\/page"}],"author":[{"embeddable":true,"href":"https:\/\/www.multicam-systems.com\/fr\/wp-json\/wp\/v2\/users\/3"}],"replies":[{"embeddable":true,"href":"https:\/\/www.multicam-systems.com\/fr\/wp-json\/wp\/v2\/comments?post=6940"}],"version-history":[{"count":0,"href":"https:\/\/www.multicam-systems.com\/fr\/wp-json\/wp\/v2\/pages\/6940\/revisions"}],"wp:attachment":[{"href":"https:\/\/www.multicam-systems.com\/fr\/wp-json\/wp\/v2\/media?parent=6940"}],"curies":[{"name":"wp","href":"https:\/\/api.w.org\/{rel}","templated":true}]}}