{"id":6853,"date":"2023-07-26T15:03:27","date_gmt":"2023-07-26T13:03:27","guid":{"rendered":"https:\/\/www.multicam-systems.com\/notice-legal\/"},"modified":"2024-08-27T14:12:07","modified_gmt":"2024-08-27T12:12:07","slug":"notice-legal","status":"publish","type":"page","link":"https:\/\/www.multicam-systems.com\/fr\/notice-legal\/","title":{"rendered":"MENTIONS L\u00c9GALES"},"content":{"rendered":"\t\t<div data-elementor-type=\"wp-page\" data-elementor-id=\"6853\" class=\"elementor elementor-6853 elementor-2576\" data-elementor-post-type=\"page\">\n\t\t\t\t<div class=\"has_eae_slider elementor-element elementor-element-36a6386c e-flex e-con-boxed e-con e-parent\" data-eae-slider=\"94713\" data-id=\"36a6386c\" data-element_type=\"container\" data-e-type=\"container\" data-settings=\"{&quot;background_background&quot;:&quot;classic&quot;}\">\n\t\t\t\t\t<div class=\"e-con-inner\">\n\t\t\t\t<div class=\"elementor-element elementor-element-23c14103 elementor-widget elementor-widget-spacer\" data-id=\"23c14103\" data-element_type=\"widget\" data-e-type=\"widget\" data-widget_type=\"spacer.default\">\n\t\t\t\t<div class=\"elementor-widget-container\">\n\t\t\t\t\t\t\t<div class=\"elementor-spacer\">\n\t\t\t<div class=\"elementor-spacer-inner\"><\/div>\n\t\t<\/div>\n\t\t\t\t\t\t<\/div>\n\t\t\t\t<\/div>\n\t\t\t\t\t<\/div>\n\t\t\t\t<\/div>\n\t\t<div class=\"has_eae_slider elementor-element elementor-element-35b300d8 e-flex e-con-boxed e-con e-parent\" data-eae-slider=\"15909\" data-id=\"35b300d8\" data-element_type=\"container\" data-e-type=\"container\" data-settings=\"{&quot;background_background&quot;:&quot;classic&quot;}\">\n\t\t\t\t\t<div class=\"e-con-inner\">\n\t\t\t\t<div class=\"elementor-element elementor-element-13aa5b6a elementor-widget elementor-widget-heading\" data-id=\"13aa5b6a\" data-element_type=\"widget\" data-e-type=\"widget\" data-widget_type=\"heading.default\">\n\t\t\t\t<div class=\"elementor-widget-container\">\n\t\t\t\t\t<h2 class=\"elementor-heading-title elementor-size-default\">MENTIONS L\u00c9GALES<\/h2>\t\t\t\t<\/div>\n\t\t\t\t<\/div>\n\t\t\t\t\t<\/div>\n\t\t\t\t<\/div>\n\t\t<div class=\"has_eae_slider elementor-element elementor-element-2e82fb9f e-flex e-con-boxed e-con e-parent\" data-eae-slider=\"30357\" data-id=\"2e82fb9f\" data-element_type=\"container\" data-e-type=\"container\">\n\t\t\t\t\t<div class=\"e-con-inner\">\n\t\t<div class=\"has_eae_slider elementor-element elementor-element-71212746 e-flex e-con-boxed e-con e-child\" data-eae-slider=\"21947\" data-id=\"71212746\" data-element_type=\"container\" data-e-type=\"container\">\n\t\t\t\t\t<div class=\"e-con-inner\">\n\t\t\t\t<div class=\"elementor-element elementor-element-1623ba82 elementor-widget elementor-widget-heading\" data-id=\"1623ba82\" data-element_type=\"widget\" data-e-type=\"widget\" data-widget_type=\"heading.default\">\n\t\t\t\t<div class=\"elementor-widget-container\">\n\t\t\t\t\t<h2 class=\"elementor-heading-title elementor-size-default\">\u00c9diteur<\/h2>\t\t\t\t<\/div>\n\t\t\t\t<\/div>\n\t\t\t\t\t<\/div>\n\t\t\t\t<\/div>\n\t\t\t\t\t<\/div>\n\t\t\t\t<\/div>\n\t\t<div class=\"has_eae_slider elementor-element elementor-element-6d10bcb5 e-flex e-con-boxed e-con e-parent\" data-eae-slider=\"2583\" data-id=\"6d10bcb5\" data-element_type=\"container\" data-e-type=\"container\">\n\t\t\t\t\t<div class=\"e-con-inner\">\n\t\t\t\t<div class=\"elementor-element elementor-element-6d28732e elementor-widget elementor-widget-text-editor\" data-id=\"6d28732e\" data-element_type=\"widget\" data-e-type=\"widget\" data-widget_type=\"text-editor.default\">\n\t\t\t\t<div class=\"elementor-widget-container\">\n\t\t\t\t\t\t\t\t\t<p>Le site Web multicam-systems.com est publi\u00e9 par : multiCAM<\/p>\n\t\t\t\t\t\t\t\t<\/div>\n\t\t\t\t<\/div>\n\t\t\t\t\t<\/div>\n\t\t\t\t<\/div>\n\t\t<div class=\"has_eae_slider elementor-element elementor-element-35058e14 e-flex e-con-boxed e-con e-parent\" data-eae-slider=\"34181\" data-id=\"35058e14\" data-element_type=\"container\" data-e-type=\"container\">\n\t\t\t\t\t<div class=\"e-con-inner\">\n\t\t<div class=\"has_eae_slider elementor-element elementor-element-63d2e6f7 e-flex e-con-boxed e-con e-child\" data-eae-slider=\"42936\" data-id=\"63d2e6f7\" data-element_type=\"container\" data-e-type=\"container\">\n\t\t\t\t\t<div class=\"e-con-inner\">\n\t\t\t\t<div class=\"elementor-element elementor-element-58bb8c60 elementor-widget elementor-widget-heading\" data-id=\"58bb8c60\" data-element_type=\"widget\" data-e-type=\"widget\" data-widget_type=\"heading.default\">\n\t\t\t\t<div class=\"elementor-widget-container\">\n\t\t\t\t\t<h2 class=\"elementor-heading-title elementor-size-default\">MULTICAM Systems<\/h2>\t\t\t\t<\/div>\n\t\t\t\t<\/div>\n\t\t\t\t\t<\/div>\n\t\t\t\t<\/div>\n\t\t\t\t\t<\/div>\n\t\t\t\t<\/div>\n\t\t<div class=\"has_eae_slider elementor-element elementor-element-1ce624b7 e-flex e-con-boxed e-con e-parent\" data-eae-slider=\"85503\" data-id=\"1ce624b7\" data-element_type=\"container\" data-e-type=\"container\">\n\t\t\t\t\t<div class=\"e-con-inner\">\n\t\t\t\t<div class=\"elementor-element elementor-element-3f421a04 elementor-widget elementor-widget-text-editor\" data-id=\"3f421a04\" data-element_type=\"widget\" data-e-type=\"widget\" data-widget_type=\"text-editor.default\">\n\t\t\t\t<div class=\"elementor-widget-container\">\n\t\t\t\t\t\t\t\t\t<p>Soci\u00e9t\u00e9 par actions simplifi\u00e9e au capital de 38 000 euros<\/p>\n<p>Inscrit au Registre du Commerce et des Soci\u00e9t\u00e9s de Bobigny sous le num\u00e9ro 524 458 288<\/p>\n<p>Si\u00e8ge social : 94 rue des Sorins &#8211; 93100 Montreuil<\/p>\n<p>Num\u00e9ro de TVA intracommunautaire : FR 53 524458288<\/p>\n<p>T\u00e9l\u00e9phone : +33 9 72 58 67 28<\/p>\n<p>Le directeur de la publication est M. Arnaud Anchelergue<\/p>\t\t\t\t\t\t\t\t<\/div>\n\t\t\t\t<\/div>\n\t\t\t\t\t<\/div>\n\t\t\t\t<\/div>\n\t\t<div class=\"has_eae_slider elementor-element elementor-element-21602665 e-flex e-con-boxed e-con e-parent\" data-eae-slider=\"55114\" data-id=\"21602665\" data-element_type=\"container\" data-e-type=\"container\">\n\t\t\t\t\t<div class=\"e-con-inner\">\n\t\t<div class=\"has_eae_slider elementor-element elementor-element-68a8e43c e-flex e-con-boxed e-con e-child\" data-eae-slider=\"3006\" data-id=\"68a8e43c\" data-element_type=\"container\" data-e-type=\"container\">\n\t\t\t\t\t<div class=\"e-con-inner\">\n\t\t\t\t<div class=\"elementor-element elementor-element-30e3752b elementor-widget elementor-widget-heading\" data-id=\"30e3752b\" data-element_type=\"widget\" data-e-type=\"widget\" data-widget_type=\"heading.default\">\n\t\t\t\t<div class=\"elementor-widget-container\">\n\t\t\t\t\t<h2 class=\"elementor-heading-title elementor-size-default\">Soci\u00e9t\u00e9 d'h\u00e9bergement<\/h2>\t\t\t\t<\/div>\n\t\t\t\t<\/div>\n\t\t\t\t\t<\/div>\n\t\t\t\t<\/div>\n\t\t\t\t\t<\/div>\n\t\t\t\t<\/div>\n\t\t<div class=\"has_eae_slider elementor-element elementor-element-5eb76d4c e-flex e-con-boxed e-con e-parent\" data-eae-slider=\"20040\" data-id=\"5eb76d4c\" data-element_type=\"container\" data-e-type=\"container\">\n\t\t\t\t\t<div class=\"e-con-inner\">\n\t\t\t\t<div class=\"elementor-element elementor-element-44e16e7 elementor-widget elementor-widget-text-editor\" data-id=\"44e16e7\" data-element_type=\"widget\" data-e-type=\"widget\" data-widget_type=\"text-editor.default\">\n\t\t\t\t<div class=\"elementor-widget-container\">\n\t\t\t\t\t\t\t\t\t<p>Le site Web multicam-systems.com est h\u00e9berg\u00e9 par :<\/p>\n\t\t\t\t\t\t\t\t<\/div>\n\t\t\t\t<\/div>\n\t\t\t\t\t<\/div>\n\t\t\t\t<\/div>\n\t\t<div class=\"has_eae_slider elementor-element elementor-element-494ca68e e-flex e-con-boxed e-con e-parent\" data-eae-slider=\"97909\" data-id=\"494ca68e\" data-element_type=\"container\" data-e-type=\"container\">\n\t\t\t\t\t<div class=\"e-con-inner\">\n\t\t<div class=\"has_eae_slider elementor-element elementor-element-60440756 e-flex e-con-boxed e-con e-child\" data-eae-slider=\"97970\" data-id=\"60440756\" data-element_type=\"container\" data-e-type=\"container\">\n\t\t\t\t\t<div class=\"e-con-inner\">\n\t\t\t\t<div class=\"elementor-element elementor-element-3a1ab872 elementor-widget elementor-widget-heading\" data-id=\"3a1ab872\" data-element_type=\"widget\" data-e-type=\"widget\" data-widget_type=\"heading.default\">\n\t\t\t\t<div class=\"elementor-widget-container\">\n\t\t\t\t\t<h2 class=\"elementor-heading-title elementor-size-default\">OVH<\/h2>\t\t\t\t<\/div>\n\t\t\t\t<\/div>\n\t\t\t\t\t<\/div>\n\t\t\t\t<\/div>\n\t\t\t\t\t<\/div>\n\t\t\t\t<\/div>\n\t\t<div class=\"has_eae_slider elementor-element elementor-element-5d0dbadc e-flex e-con-boxed e-con e-parent\" data-eae-slider=\"9314\" data-id=\"5d0dbadc\" data-element_type=\"container\" data-e-type=\"container\">\n\t\t\t\t\t<div class=\"e-con-inner\">\n\t\t\t\t<div class=\"elementor-element elementor-element-52fa260d elementor-widget elementor-widget-text-editor\" data-id=\"52fa260d\" data-element_type=\"widget\" data-e-type=\"widget\" data-widget_type=\"text-editor.default\">\n\t\t\t\t<div class=\"elementor-widget-container\">\n\t\t\t\t\t\t\t\t\t<p class=\"nitro-offscreen\">Soci\u00e9t\u00e9 par actions simplifi\u00e9e au capital de 10 069 020 euros<\/p>\n<p class=\"nitro-offscreen\">Inscrit au Registre du Commerce et des Soci\u00e9t\u00e9s de Lille sous le num\u00e9ro 424 761 419 00045<\/p>\n<p class=\"nitro-offscreen\">Si\u00e8ge social : 2 rue Kellermann \u2013 59100 Roubaix \u2013 France<b><br><\/b>N\u00b0 de TVA intracommunautaire : FR 22 424 761 419<\/p>\t\t\t\t\t\t\t\t<\/div>\n\t\t\t\t<\/div>\n\t\t\t\t\t<\/div>\n\t\t\t\t<\/div>\n\t\t<div class=\"has_eae_slider elementor-element elementor-element-3fb6c2c8 e-flex e-con-boxed e-con e-parent\" data-eae-slider=\"61903\" data-id=\"3fb6c2c8\" data-element_type=\"container\" data-e-type=\"container\">\n\t\t\t\t\t<div class=\"e-con-inner\">\n\t\t\t\t<div class=\"elementor-element elementor-element-57bb1a59 elementor-widget elementor-widget-spacer\" data-id=\"57bb1a59\" data-element_type=\"widget\" data-e-type=\"widget\" data-widget_type=\"spacer.default\">\n\t\t\t\t<div class=\"elementor-widget-container\">\n\t\t\t\t\t\t\t<div class=\"elementor-spacer\">\n\t\t\t<div class=\"elementor-spacer-inner\"><\/div>\n\t\t<\/div>\n\t\t\t\t\t\t<\/div>\n\t\t\t\t<\/div>\n\t\t\t\t\t<\/div>\n\t\t\t\t<\/div>\n\t\t\t\t<\/div>\n\t\t","protected":false},"excerpt":{"rendered":"<p>MENTIONS L\u00c9GALES \u00c9diteur Le site Web multicam-systems.com est publi\u00e9 par : multiCAM MULTICAM Systems Soci\u00e9t\u00e9 par actions simplifi\u00e9e au capital de 38 000 euros Inscrit au Registre du Commerce et des Soci\u00e9t\u00e9s de Bobigny sous le num\u00e9ro 524 458 288 Si\u00e8ge social : 94 rue des Sorins &#8211; 93100 Montreuil Num\u00e9ro de TVA intracommunautaire : [&hellip;]<\/p>\n","protected":false},"author":3,"featured_media":0,"parent":0,"menu_order":0,"comment_status":"closed","ping_status":"closed","template":"","meta":{"footnotes":""},"class_list":["post-6853","page","type-page","status-publish","hentry"],"aioseo_notices":[],"_links":{"self":[{"href":"https:\/\/www.multicam-systems.com\/fr\/wp-json\/wp\/v2\/pages\/6853"}],"collection":[{"href":"https:\/\/www.multicam-systems.com\/fr\/wp-json\/wp\/v2\/pages"}],"about":[{"href":"https:\/\/www.multicam-systems.com\/fr\/wp-json\/wp\/v2\/types\/page"}],"author":[{"embeddable":true,"href":"https:\/\/www.multicam-systems.com\/fr\/wp-json\/wp\/v2\/users\/3"}],"replies":[{"embeddable":true,"href":"https:\/\/www.multicam-systems.com\/fr\/wp-json\/wp\/v2\/comments?post=6853"}],"version-history":[{"count":8,"href":"https:\/\/www.multicam-systems.com\/fr\/wp-json\/wp\/v2\/pages\/6853\/revisions"}],"predecessor-version":[{"id":10584,"href":"https:\/\/www.multicam-systems.com\/fr\/wp-json\/wp\/v2\/pages\/6853\/revisions\/10584"}],"wp:attachment":[{"href":"https:\/\/www.multicam-systems.com\/fr\/wp-json\/wp\/v2\/media?parent=6853"}],"curies":[{"name":"wp","href":"https:\/\/api.w.org\/{rel}","templated":true}]}}