{"id":6849,"date":"2023-06-19T12:37:02","date_gmt":"2023-06-19T10:37:02","guid":{"rendered":"https:\/\/www.multicam-systems.com\/accueil\/"},"modified":"2025-09-02T10:53:48","modified_gmt":"2025-09-02T08:53:48","slug":"accueil","status":"publish","type":"page","link":"https:\/\/www.multicam-systems.com\/fr\/","title":{"rendered":"ACCUEIL"},"content":{"rendered":"\t\t<div data-elementor-type=\"wp-page\" data-elementor-id=\"6849\" class=\"elementor elementor-6849 elementor-43\" data-elementor-post-type=\"page\">\n\t\t\t\t<div class=\"has_eae_slider elementor-element elementor-element-c5e1c6d e-flex e-con-boxed e-con e-parent\" data-eae-slider=\"51497\" data-id=\"c5e1c6d\" data-element_type=\"container\" data-e-type=\"container\" data-settings=\"{&quot;background_background&quot;:&quot;video&quot;,&quot;background_video_link&quot;:&quot;https:\\\/\\\/www.youtube.com\\\/watch?v=XNC6CaVZx2g&quot;}\">\n\t\t\t\t\t<div class=\"e-con-inner\">\n\t\t<div class=\"elementor-background-video-container elementor-hidden-mobile\">\n\t\t\t\t\t\t\t<div class=\"elementor-background-video-embed\" role=\"presentation\"><\/div>\n\t\t\t\t\t\t<\/div><div class=\"has_eae_slider elementor-element elementor-element-2caa147 e-con-full e-flex e-con e-child\" data-eae-slider=\"21157\" data-id=\"2caa147\" data-element_type=\"container\" data-e-type=\"container\" data-settings=\"{&quot;background_background&quot;:&quot;classic&quot;}\">\n\t\t\t\t<div class=\"elementor-element elementor-element-c3e6eb6 elementor-hidden-mobile elementor-widget elementor-widget-image\" data-id=\"c3e6eb6\" data-element_type=\"widget\" data-e-type=\"widget\" data-widget_type=\"image.default\">\n\t\t\t\t<div class=\"elementor-widget-container\">\n\t\t\t\t\t\t\t\t\t\t\t\t\t\t\t<img fetchpriority=\"high\" decoding=\"async\" width=\"277\" height=\"286\" src=\"https:\/\/www.multicam-systems.com\/wp-content\/uploads\/2023\/06\/Logo-systems.webp\" class=\"attachment-large size-large wp-image-5044\" alt=\"\" \/>\t\t\t\t\t\t\t\t\t\t\t\t\t\t\t<\/div>\n\t\t\t\t<\/div>\n\t\t\t\t<\/div>\n\t\t<div class=\"has_eae_slider elementor-element elementor-element-2c573cf e-con-full e-flex e-con e-child\" data-eae-slider=\"66613\" data-id=\"2c573cf\" data-element_type=\"container\" data-e-type=\"container\" data-settings=\"{&quot;background_background&quot;:&quot;classic&quot;}\">\n\t\t\t\t<div class=\"elementor-element elementor-element-4a7b72a elementor-widget elementor-widget-heading\" data-id=\"4a7b72a\" data-element_type=\"widget\" data-e-type=\"widget\" data-widget_type=\"heading.default\">\n\t\t\t\t<div class=\"elementor-widget-container\">\n\t\t\t\t\t<h1 class=\"elementor-heading-title elementor-size-default\"> VID\u00c9O EN DIRECT<br><strong>SOLUTIONS DE PRODUCTION<\/strong><\/h1>\t\t\t\t<\/div>\n\t\t\t\t<\/div>\n\t\t\t\t<div class=\"elementor-element elementor-element-6289e6c elementor-widget__width-initial elementor-widget elementor-widget-text-editor\" data-id=\"6289e6c\" data-element_type=\"widget\" data-e-type=\"widget\" data-widget_type=\"text-editor.default\">\n\t\t\t\t<div class=\"elementor-widget-container\">\n\t\t\t\t\t\t\t\t\t<p>multiCAM SYSTEMS con\u00e7oit et d\u00e9veloppe des solutions innovantes pour la production de contenu en toute simplicit\u00e9 afin de garantir des r\u00e9sultats de diffusion professionnels.<\/p>\n\t\t\t\t\t\t\t\t<\/div>\n\t\t\t\t<\/div>\n\t\t\t\t<\/div>\n\t\t\t\t\t<\/div>\n\t\t\t\t<\/div>\n\t\t<div class=\"has_eae_slider elementor-element elementor-element-2b1d886 e-flex e-con-boxed e-con e-parent\" data-eae-slider=\"21291\" data-id=\"2b1d886\" data-element_type=\"container\" data-e-type=\"container\">\n\t\t\t\t\t<div class=\"e-con-inner\">\n\t\t\t\t\t<\/div>\n\t\t\t\t<\/div>\n\t\t<div class=\"has_eae_slider elementor-element elementor-element-b036520 e-grid e-con-boxed e-con e-parent\" data-eae-slider=\"97289\" data-id=\"b036520\" data-element_type=\"container\" data-e-type=\"container\">\n\t\t\t\t\t<div class=\"e-con-inner\">\n\t\t<div class=\"has_eae_slider elementor-element elementor-element-3d54927 e-con-full e-flex elementor-invisible e-con e-child\" data-eae-slider=\"54516\" data-id=\"3d54927\" data-element_type=\"container\" data-e-type=\"container\" data-settings=\"{&quot;animation&quot;:&quot;fadeIn&quot;}\">\n\t\t<div class=\"has_eae_slider elementor-element elementor-element-444aef2 e-flex e-con-boxed e-con e-child\" data-eae-slider=\"23312\" data-id=\"444aef2\" data-element_type=\"container\" data-e-type=\"container\">\n\t\t\t\t\t<div class=\"e-con-inner\">\n\t\t\t\t<div class=\"elementor-element elementor-element-06ae752 elementor-view-default elementor-widget elementor-widget-icon\" data-id=\"06ae752\" data-element_type=\"widget\" data-e-type=\"widget\" data-widget_type=\"icon.default\">\n\t\t\t\t<div class=\"elementor-widget-container\">\n\t\t\t\t\t\t\t<div class=\"elementor-icon-wrapper\">\n\t\t\t<div class=\"elementor-icon\">\n\t\t\t<i aria-hidden=\"true\" class=\"fas fa-thumbs-up\"><\/i>\t\t\t<\/div>\n\t\t<\/div>\n\t\t\t\t\t\t<\/div>\n\t\t\t\t<\/div>\n\t\t\t\t<div class=\"elementor-element elementor-element-7e1c534 elementor-widget elementor-widget-heading\" data-id=\"7e1c534\" data-element_type=\"widget\" data-e-type=\"widget\" data-widget_type=\"heading.default\">\n\t\t\t\t<div class=\"elementor-widget-container\">\n\t\t\t\t\t<h2 class=\"elementor-heading-title elementor-size-default\">FACILE \u00c0 INT\u00c9GRER<\/h2>\t\t\t\t<\/div>\n\t\t\t\t<\/div>\n\t\t\t\t<div class=\"elementor-element elementor-element-e3f8ee6 elementor-widget elementor-widget-text-editor\" data-id=\"e3f8ee6\" data-element_type=\"widget\" data-e-type=\"widget\" data-widget_type=\"text-editor.default\">\n\t\t\t\t<div class=\"elementor-widget-container\">\n\t\t\t\t\t\t\t\t\t<p>Gr\u00e2ce \u00e0 son guide de d\u00e9marrage efficace et \u00e0 ses connexions simplifi\u00e9es, le syst\u00e8me multiCAM avec trois cam\u00e9ras PTZ peut \u00eatre install\u00e9 en quelques minutes seulement.<\/p>\n\t\t\t\t\t\t\t\t<\/div>\n\t\t\t\t<\/div>\n\t\t\t\t\t<\/div>\n\t\t\t\t<\/div>\n\t\t\t\t<\/div>\n\t\t<div class=\"has_eae_slider elementor-element elementor-element-13b8f7f e-con-full e-flex elementor-invisible e-con e-child\" data-eae-slider=\"8061\" data-id=\"13b8f7f\" data-element_type=\"container\" data-e-type=\"container\" data-settings=\"{&quot;animation&quot;:&quot;fadeIn&quot;,&quot;animation_delay&quot;:100}\">\n\t\t<div class=\"has_eae_slider elementor-element elementor-element-df62deb e-flex e-con-boxed e-con e-child\" data-eae-slider=\"58528\" data-id=\"df62deb\" data-element_type=\"container\" data-e-type=\"container\">\n\t\t\t\t\t<div class=\"e-con-inner\">\n\t\t\t\t<div class=\"elementor-element elementor-element-0699905 elementor-view-default elementor-widget elementor-widget-icon\" data-id=\"0699905\" data-element_type=\"widget\" data-e-type=\"widget\" data-widget_type=\"icon.default\">\n\t\t\t\t<div class=\"elementor-widget-container\">\n\t\t\t\t\t\t\t<div class=\"elementor-icon-wrapper\">\n\t\t\t<div class=\"elementor-icon\">\n\t\t\t<i aria-hidden=\"true\" class=\"fas fa-layer-group\"><\/i>\t\t\t<\/div>\n\t\t<\/div>\n\t\t\t\t\t\t<\/div>\n\t\t\t\t<\/div>\n\t\t\t\t<div class=\"elementor-element elementor-element-10280d1 elementor-widget elementor-widget-heading\" data-id=\"10280d1\" data-element_type=\"widget\" data-e-type=\"widget\" data-widget_type=\"heading.default\">\n\t\t\t\t<div class=\"elementor-widget-container\">\n\t\t\t\t\t<h2 class=\"elementor-heading-title elementor-size-default\">FACILE \u00c0 INSTALLER<\/h2>\t\t\t\t<\/div>\n\t\t\t\t<\/div>\n\t\t\t\t<div class=\"elementor-element elementor-element-65d2ac6 elementor-widget elementor-widget-text-editor\" data-id=\"65d2ac6\" data-element_type=\"widget\" data-e-type=\"widget\" data-widget_type=\"text-editor.default\">\n\t\t\t\t<div class=\"elementor-widget-container\">\n\t\t\t\t\t\t\t\t\t<p><span style=\"font-weight: 400;\">Gr\u00e2ce \u00e0 son guide de d\u00e9marrage efficace et \u00e0 ses connexions simplifi\u00e9es, tout syst\u00e8me All-in-One multiCAM avec trois cam\u00e9ras PTZ peut \u00eatre configur\u00e9 en moins d&rsquo;une heure.<\/span><\/p>\n\t\t\t\t\t\t\t\t<\/div>\n\t\t\t\t<\/div>\n\t\t\t\t\t<\/div>\n\t\t\t\t<\/div>\n\t\t\t\t<\/div>\n\t\t<div class=\"has_eae_slider elementor-element elementor-element-0c52e0f e-con-full e-flex elementor-invisible e-con e-child\" data-eae-slider=\"78709\" data-id=\"0c52e0f\" data-element_type=\"container\" data-e-type=\"container\" data-settings=\"{&quot;animation&quot;:&quot;fadeIn&quot;,&quot;animation_delay&quot;:200}\">\n\t\t<div class=\"has_eae_slider elementor-element elementor-element-493784a e-flex e-con-boxed e-con e-child\" data-eae-slider=\"9658\" data-id=\"493784a\" data-element_type=\"container\" data-e-type=\"container\">\n\t\t\t\t\t<div class=\"e-con-inner\">\n\t\t\t\t<div class=\"elementor-element elementor-element-d4fcc32 elementor-view-default elementor-widget elementor-widget-icon\" data-id=\"d4fcc32\" data-element_type=\"widget\" data-e-type=\"widget\" data-widget_type=\"icon.default\">\n\t\t\t\t<div class=\"elementor-widget-container\">\n\t\t\t\t\t\t\t<div class=\"elementor-icon-wrapper\">\n\t\t\t<div class=\"elementor-icon\">\n\t\t\t<i aria-hidden=\"true\" class=\"fas fa-smile\"><\/i>\t\t\t<\/div>\n\t\t<\/div>\n\t\t\t\t\t\t<\/div>\n\t\t\t\t<\/div>\n\t\t\t\t<div class=\"elementor-element elementor-element-a6e391f elementor-widget elementor-widget-heading\" data-id=\"a6e391f\" data-element_type=\"widget\" data-e-type=\"widget\" data-widget_type=\"heading.default\">\n\t\t\t\t<div class=\"elementor-widget-container\">\n\t\t\t\t\t<h2 class=\"elementor-heading-title elementor-size-default\">FACILE \u00c0 UTILISER<\/h2>\t\t\t\t<\/div>\n\t\t\t\t<\/div>\n\t\t\t\t<div class=\"elementor-element elementor-element-7879e99 elementor-widget elementor-widget-text-editor\" data-id=\"7879e99\" data-element_type=\"widget\" data-e-type=\"widget\" data-widget_type=\"text-editor.default\">\n\t\t\t\t<div class=\"elementor-widget-container\">\n\t\t\t\t\t\t\t\t\t<p>Le syst\u00e8me est accompagn\u00e9 de proc\u00e9dures simplifi\u00e9es et de didacticiels vid\u00e9o, ce qui vous permet de le prendre en main en moins de 20 minutes. Si vous ne disposez pas des ressources n\u00e9cessaires, d\u00e9marrez le syst\u00e8me en mode automatique.<\/p>\n\t\t\t\t\t\t\t\t<\/div>\n\t\t\t\t<\/div>\n\t\t\t\t\t<\/div>\n\t\t\t\t<\/div>\n\t\t\t\t<\/div>\n\t\t\t\t\t<\/div>\n\t\t\t\t<\/div>\n\t\t<div class=\"has_eae_slider elementor-element elementor-element-d59e401 e-flex e-con-boxed e-con e-parent\" data-eae-slider=\"20305\" data-id=\"d59e401\" data-element_type=\"container\" data-e-type=\"container\">\n\t\t\t\t\t<div class=\"e-con-inner\">\n\t\t\t\t\t<\/div>\n\t\t\t\t<\/div>\n\t\t<div class=\"has_eae_slider elementor-element elementor-element-156810d e-flex e-con-boxed elementor-invisible e-con e-parent\" data-eae-slider=\"80367\" data-id=\"156810d\" data-element_type=\"container\" data-e-type=\"container\" data-settings=\"{&quot;animation&quot;:&quot;fadeIn&quot;}\">\n\t\t\t\t\t<div class=\"e-con-inner\">\n\t\t<div class=\"has_eae_slider elementor-element elementor-element-cacb899 e-flex e-con-boxed e-con e-child\" data-eae-slider=\"29307\" data-id=\"cacb899\" data-element_type=\"container\" data-e-type=\"container\">\n\t\t\t\t\t<div class=\"e-con-inner\">\n\t\t\t\t<div class=\"elementor-element elementor-element-9074e23 elementor-widget elementor-widget-image\" data-id=\"9074e23\" data-element_type=\"widget\" data-e-type=\"widget\" data-widget_type=\"image.default\">\n\t\t\t\t<div class=\"elementor-widget-container\">\n\t\t\t\t\t\t\t\t\t\t\t\t\t\t\t<img decoding=\"async\" width=\"793\" height=\"402\" src=\"https:\/\/www.multicam-systems.com\/wp-content\/uploads\/2023\/06\/earth.png\" class=\"attachment-large size-large wp-image-5068\" alt=\"\" srcset=\"https:\/\/www.multicam-systems.com\/wp-content\/uploads\/2023\/06\/earth.png 793w, https:\/\/www.multicam-systems.com\/wp-content\/uploads\/2023\/06\/earth-300x152.png 300w, https:\/\/www.multicam-systems.com\/wp-content\/uploads\/2023\/06\/earth-768x389.png 768w\" sizes=\"(max-width: 793px) 100vw, 793px\" \/>\t\t\t\t\t\t\t\t\t\t\t\t\t\t\t<\/div>\n\t\t\t\t<\/div>\n\t\t\t\t\t<\/div>\n\t\t\t\t<\/div>\n\t\t<div class=\"has_eae_slider elementor-element elementor-element-71869c8 e-flex e-con-boxed e-con e-child\" data-eae-slider=\"98288\" data-id=\"71869c8\" data-element_type=\"container\" data-e-type=\"container\">\n\t\t\t\t\t<div class=\"e-con-inner\">\n\t\t\t\t<div class=\"elementor-element elementor-element-ac628f5 elementor-widget elementor-widget-heading\" data-id=\"ac628f5\" data-element_type=\"widget\" data-e-type=\"widget\" data-widget_type=\"heading.default\">\n\t\t\t\t<div class=\"elementor-widget-container\">\n\t\t\t\t\t<h2 class=\"elementor-heading-title elementor-size-default\">PR\u00c9SENCE MONDIALE<\/h2>\t\t\t\t<\/div>\n\t\t\t\t<\/div>\n\t\t\t\t<div class=\"elementor-element elementor-element-ed6f654 elementor-widget elementor-widget-text-editor\" data-id=\"ed6f654\" data-element_type=\"widget\" data-e-type=\"widget\" data-widget_type=\"text-editor.default\">\n\t\t\t\t<div class=\"elementor-widget-container\">\n\t\t\t\t\t\t\t\t\t<p>multiCAM Systems has installed over 200 systems worldwide.<br \/>Nous avons mis en place un important r\u00e9seau d\u2019int\u00e9grateurs et de distributeurs dans le monde entier.<\/p>\n<p>Chaque ann\u00e9e, nous participons \u00e0 plus de 15 salons professionnels en Europe, aux \u00c9tats-Unis, en Asie et au Moyen-Orient. Nous organisons \u00e9galement des webinaires et des <a href=\"https:\/\/www.multicam-systems.com\/fr\/news-fr\/xr-vr-experience-day-avec-visuals-switzerland\/\">open days<\/a>, car notre priorit\u00e9 est de vous apporter les r\u00e9ponses dont vous avez besoin. Que ce soit en personne ou virtuellement, nous sommes l\u00e0 pour vous !<\/p>\n\t\t\t\t\t\t\t\t<\/div>\n\t\t\t\t<\/div>\n\t\t\t\t<div class=\"elementor-element elementor-element-5062b60 elementor-align-center elementor-widget elementor-widget-button\" data-id=\"5062b60\" data-element_type=\"widget\" data-e-type=\"widget\" data-widget_type=\"button.default\">\n\t\t\t\t<div class=\"elementor-widget-container\">\n\t\t\t\t\t\t\t\t\t<div class=\"elementor-button-wrapper\">\n\t\t\t\t\t<a class=\"elementor-button elementor-button-link elementor-size-sm\" href=\"https:\/\/www.multicam-systems.com\/fr\/acheter\/\">\n\t\t\t\t\t\t<span class=\"elementor-button-content-wrapper\">\n\t\t\t\t\t\t\t\t\t<span class=\"elementor-button-text\">R\u00e9seau multiCAM<\/span>\n\t\t\t\t\t<\/span>\n\t\t\t\t\t<\/a>\n\t\t\t\t<\/div>\n\t\t\t\t\t\t\t\t<\/div>\n\t\t\t\t<\/div>\n\t\t\t\t\t<\/div>\n\t\t\t\t<\/div>\n\t\t\t\t\t<\/div>\n\t\t\t\t<\/div>\n\t\t<div class=\"has_eae_slider elementor-element elementor-element-a09b807 elementor-hidden-tablet elementor-hidden-mobile e-flex e-con-boxed e-con e-parent\" data-eae-slider=\"38571\" data-id=\"a09b807\" data-element_type=\"container\" data-e-type=\"container\">\n\t\t\t\t\t<div class=\"e-con-inner\">\n\t\t\t\t<div class=\"elementor-element elementor-element-8023196 elementor-widget elementor-widget-spacer\" data-id=\"8023196\" data-element_type=\"widget\" data-e-type=\"widget\" data-widget_type=\"spacer.default\">\n\t\t\t\t<div class=\"elementor-widget-container\">\n\t\t\t\t\t\t\t<div class=\"elementor-spacer\">\n\t\t\t<div class=\"elementor-spacer-inner\"><\/div>\n\t\t<\/div>\n\t\t\t\t\t\t<\/div>\n\t\t\t\t<\/div>\n\t\t\t\t\t<\/div>\n\t\t\t\t<\/div>\n\t\t<div class=\"has_eae_slider elementor-element elementor-element-db3f33a e-flex e-con-boxed e-con e-parent\" data-eae-slider=\"93881\" data-id=\"db3f33a\" data-element_type=\"container\" data-e-type=\"container\">\n\t\t\t\t\t<div class=\"e-con-inner\">\n\t\t\t\t<div class=\"elementor-element elementor-element-2e6aea0 elementor-widget elementor-widget-heading\" data-id=\"2e6aea0\" data-element_type=\"widget\" data-e-type=\"widget\" data-widget_type=\"heading.default\">\n\t\t\t\t<div class=\"elementor-widget-container\">\n\t\t\t\t\t<h2 class=\"elementor-heading-title elementor-size-default\">NOS DERNI\u00c8RES HISTOIRES<\/h2>\t\t\t\t<\/div>\n\t\t\t\t<\/div>\n\t\t\t\t<div class=\"elementor-element elementor-element-165e228 elementor-widget elementor-widget-spacer\" data-id=\"165e228\" data-element_type=\"widget\" data-e-type=\"widget\" data-widget_type=\"spacer.default\">\n\t\t\t\t<div class=\"elementor-widget-container\">\n\t\t\t\t\t\t\t<div class=\"elementor-spacer\">\n\t\t\t<div class=\"elementor-spacer-inner\"><\/div>\n\t\t<\/div>\n\t\t\t\t\t\t<\/div>\n\t\t\t\t<\/div>\n\t\t\t\t\t<\/div>\n\t\t\t\t<\/div>\n\t\t\t\t<\/div>\n\t\t","protected":false},"excerpt":{"rendered":"<p>VID\u00c9O EN DIRECTSOLUTIONS DE PRODUCTION multiCAM SYSTEMS con\u00e7oit et d\u00e9veloppe des solutions innovantes pour la production de contenu en toute simplicit\u00e9 afin de garantir des r\u00e9sultats de diffusion professionnels. FACILE \u00c0 INT\u00c9GRER Gr\u00e2ce \u00e0 son guide de d\u00e9marrage efficace et \u00e0 ses connexions simplifi\u00e9es, le syst\u00e8me multiCAM avec trois cam\u00e9ras PTZ peut \u00eatre install\u00e9 en [&hellip;]<\/p>\n","protected":false},"author":3,"featured_media":0,"parent":0,"menu_order":0,"comment_status":"closed","ping_status":"closed","template":"","meta":{"footnotes":""},"class_list":["post-6849","page","type-page","status-publish","hentry"],"aioseo_notices":[],"_links":{"self":[{"href":"https:\/\/www.multicam-systems.com\/fr\/wp-json\/wp\/v2\/pages\/6849"}],"collection":[{"href":"https:\/\/www.multicam-systems.com\/fr\/wp-json\/wp\/v2\/pages"}],"about":[{"href":"https:\/\/www.multicam-systems.com\/fr\/wp-json\/wp\/v2\/types\/page"}],"author":[{"embeddable":true,"href":"https:\/\/www.multicam-systems.com\/fr\/wp-json\/wp\/v2\/users\/3"}],"replies":[{"embeddable":true,"href":"https:\/\/www.multicam-systems.com\/fr\/wp-json\/wp\/v2\/comments?post=6849"}],"version-history":[{"count":12,"href":"https:\/\/www.multicam-systems.com\/fr\/wp-json\/wp\/v2\/pages\/6849\/revisions"}],"predecessor-version":[{"id":11607,"href":"https:\/\/www.multicam-systems.com\/fr\/wp-json\/wp\/v2\/pages\/6849\/revisions\/11607"}],"wp:attachment":[{"href":"https:\/\/www.multicam-systems.com\/fr\/wp-json\/wp\/v2\/media?parent=6849"}],"curies":[{"name":"wp","href":"https:\/\/api.w.org\/{rel}","templated":true}]}}